{"id":977,"date":"2022-12-15T19:09:25","date_gmt":"2022-12-15T19:09:25","guid":{"rendered":"https:\/\/www.bodyclinic.cl\/?post_type=product&#038;p=977"},"modified":"2023-05-04T21:58:04","modified_gmt":"2023-05-04T21:58:04","slug":"mesoterapia-nutricion-capilar-casco-laser-diodo","status":"publish","type":"product","link":"https:\/\/www.bodyclinic.cl\/?product=mesoterapia-nutricion-capilar-casco-laser-diodo","title":{"rendered":"Mesoterapia nutrici\u00f3n capilar\u202f\u202f+ Casco Laser Diodo"},"content":{"rendered":"<p><b><span data-contrast=\"none\">Combate la ca\u00edda del pelo sin cirug\u00eda en Body Clinic<\/span><\/b><span data-ccp-props=\"{&quot;134233117&quot;:false,&quot;134233118&quot;:false,&quot;201341983&quot;:0,&quot;335551550&quot;:6,&quot;335551620&quot;:6,&quot;335559738&quot;:0,&quot;335559739&quot;:0,&quot;335559740&quot;:240}\">\u00a0<\/span><\/p>\n<p><span data-ccp-props=\"{&quot;134233117&quot;:false,&quot;134233118&quot;:false,&quot;201341983&quot;:0,&quot;335551550&quot;:6,&quot;335551620&quot;:6,&quot;335559738&quot;:0,&quot;335559739&quot;:0,&quot;335559740&quot;:240}\">\u00a0<\/span><b><span data-contrast=\"auto\">\u00bfQu\u00e9 es la mesoterapia capilar?<\/span><\/b><span data-contrast=\"auto\">\u00a0<\/span><span data-ccp-props=\"{&quot;134233117&quot;:false,&quot;134233118&quot;:false,&quot;201341983&quot;:0,&quot;335551550&quot;:6,&quot;335551620&quot;:6,&quot;335559738&quot;:0,&quot;335559739&quot;:0,&quot;335559740&quot;:240}\">\u00a0<\/span><\/p>\n<p><span data-contrast=\"auto\">La\u202f<\/span><a href=\"https:\/\/www.topdoctors.es\/diccionario-medico\/mesoterapia\"><span data-contrast=\"auto\">mesoterapia\u202f<\/span><\/a><span data-contrast=\"auto\">es una t\u00e9cnica que se aplica con buenos resultados para abordar los problemas capilares y la ca\u00edda del cabello en particular. Especialmente, es \u00fatil en la reactivaci\u00f3n del ciclo de funcionamiento de los fol\u00edculos pilosos.<\/span><span data-ccp-props=\"{&quot;134233117&quot;:false,&quot;134233118&quot;:false,&quot;201341983&quot;:0,&quot;335551550&quot;:6,&quot;335551620&quot;:6,&quot;335559738&quot;:0,&quot;335559739&quot;:420,&quot;335559740&quot;:240}\">\u00a0<\/span><\/p>\n<p><b><span data-contrast=\"auto\">\u00bfCu\u00e1l es la t\u00e9cnica de mesoterapia capilar?<\/span><\/b><span data-ccp-props=\"{&quot;134233117&quot;:true,&quot;134233118&quot;:true,&quot;201341983&quot;:0,&quot;335551550&quot;:6,&quot;335551620&quot;:6,&quot;335559739&quot;:0,&quot;335559740&quot;:240}\">\u00a0<\/span><\/p>\n<p><span data-contrast=\"auto\">\u00a0La mesoterapia capilar es un tratamiento altamente efectivo utilizado para abordar problemas capilares, como la ca\u00edda del cabello. Es especialmente \u00fatil en la reactivaci\u00f3n del ciclo de los fol\u00edculos pilosos y para mejorar la salud general del cabello. Este tratamiento se aplica a trav\u00e9s de inyecciones intrad\u00e9rmicas de sustancias y medicamentos que liberan sus propiedades de manera progresiva.<\/span><span data-ccp-props=\"{&quot;134233117&quot;:true,&quot;134233118&quot;:true,&quot;201341983&quot;:0,&quot;335551550&quot;:6,&quot;335551620&quot;:6,&quot;335559739&quot;:0,&quot;335559740&quot;:240}\">\u00a0<\/span><\/p>\n<p><b><span data-contrast=\"auto\">\u00bfPara qu\u00e9 se utiliza la mesoterapia capilar?<\/span><\/b><span data-ccp-props=\"{&quot;134233117&quot;:true,&quot;134233118&quot;:true,&quot;201341983&quot;:0,&quot;335551550&quot;:6,&quot;335551620&quot;:6,&quot;335559738&quot;:0,&quot;335559739&quot;:0,&quot;335559740&quot;:240}\">\u00a0<\/span><\/p>\n<p><span data-contrast=\"auto\">\u00a0La mesoterapia capilar se utiliza para tratar una variedad de problemas capilares, incluyendo la p\u00e9rdida de cabello en sus primeras etapas, cabello debilitado y adelgazamiento del cabello. Este tratamiento tambi\u00e9n se utiliza como coadyuvante en casos m\u00e1s avanzados y cr\u00f3nicos. La mesoterapia capilar es una t\u00e9cnica que puede combinarse con otros tratamientos o emplearse como tratamiento \u00fanico, dependiendo de las necesidades individuales del paciente.<\/span><span data-ccp-props=\"{&quot;134233117&quot;:true,&quot;134233118&quot;:true,&quot;201341983&quot;:0,&quot;335551550&quot;:6,&quot;335551620&quot;:6,&quot;335559738&quot;:0,&quot;335559739&quot;:0,&quot;335559740&quot;:240}\">\u00a0<\/span><\/p>\n<p><b><span data-contrast=\"auto\">\u00bfC\u00f3mo funciona la mesoterapia capilar?<\/span><\/b><span data-ccp-props=\"{&quot;134233117&quot;:true,&quot;134233118&quot;:true,&quot;201341983&quot;:0,&quot;335551550&quot;:6,&quot;335551620&quot;:6,&quot;335559738&quot;:0,&quot;335559739&quot;:0,&quot;335559740&quot;:240}\">\u00a0<\/span><\/p>\n<p><span data-contrast=\"auto\">\u00a0La mesoterapia capilar funciona mediante la aplicaci\u00f3n intrad\u00e9rmica de micronutrientes, como amino\u00e1cidos, vitaminas y minerales, y factores de crecimiento sint\u00e9ticos que son muy similares a los humanos. La eficacia de este tratamiento depende de la patolog\u00eda que se est\u00e9 tratando y es m\u00e1s efectivo en problemas capilares agudos o en sus primeras etapas. Los resultados de la mesoterapia capilar incluyen una mejora en la calidad, la resistencia y la fuerza del cabello, as\u00ed como la reactivaci\u00f3n de los fol\u00edculos pilosos en fase de reposo.<\/span><span data-ccp-props=\"{&quot;134233117&quot;:true,&quot;134233118&quot;:true,&quot;201341983&quot;:0,&quot;335551550&quot;:6,&quot;335551620&quot;:6,&quot;335559738&quot;:0,&quot;335559739&quot;:0,&quot;335559740&quot;:240}\">\u00a0<\/span><\/p>\n<p><b><span data-contrast=\"auto\">\u00bfQu\u00e9 cuidados se requieren despu\u00e9s de la mesoterapia capilar?<\/span><\/b><span data-ccp-props=\"{&quot;134233117&quot;:true,&quot;134233118&quot;:true,&quot;201341983&quot;:0,&quot;335551550&quot;:6,&quot;335551620&quot;:6,&quot;335559738&quot;:0,&quot;335559740&quot;:240}\">\u00a0<\/span><\/p>\n<p><span data-contrast=\"auto\">\u00a0La mesoterapia capilar es un tratamiento seguro y no suele tener efectos secundarios graves. Despu\u00e9s de la sesi\u00f3n, el paciente puede experimentar dolor o inflamaci\u00f3n leve, que puede ser tratada con una crema antiinflamatoria. Tambi\u00e9n es importante seguir h\u00e1bitos de vida saludables que favorezcan el crecimiento y la salud del cabello, como seguir una dieta equilibrada con nutrientes esenciales, reducir el estr\u00e9s y mantenerse bien hidratado. Adem\u00e1s, es importante cuidar el cabello con productos adecuados, hidratarlo con mascarillas nutritivas y evitar el uso excesivo de secadores y planchas.<\/span><span data-ccp-props=\"{&quot;134233117&quot;:true,&quot;134233118&quot;:true,&quot;201341983&quot;:0,&quot;335551550&quot;:6,&quot;335551620&quot;:6,&quot;335559738&quot;:0,&quot;335559740&quot;:240}\">\u00a0<\/span><\/p>\n","protected":false},"excerpt":{"rendered":"<p><span data-contrast=\"auto\">Considera: Sesi\u00f3n de: Preparaci\u00f3n de cuero Cabelludo, (Mesoterapia Capilar principio activo de nutrici\u00f3n y regeneraci\u00f3n Capilar <\/span><span data-contrast=\"auto\">+ Casco laser Diodo<\/span><span data-contrast=\"auto\">)+ Evaluaci\u00f3n medica.<\/span><span data-ccp-props=\"{&quot;201341983&quot;:0,&quot;335551550&quot;:6,&quot;335551620&quot;:6,&quot;335559739&quot;:160,&quot;335559740&quot;:259}\">\u00a0<\/span><\/p>\n<p><span data-ccp-props=\"{&quot;201341983&quot;:0,&quot;335559739&quot;:160,&quot;335559740&quot;:259}\">\u00a0<\/span><span data-contrast=\"none\">Este tratamiento consiste en la aplicaci\u00f3n de mesoterapias (<\/span><span data-contrast=\"none\">contiene principios activos, micronutrientes, amino\u00e1cidos, vitaminas y minerales), as\u00ed como factores de crecimiento sint\u00e9ticos muy similares a los humanos, que han\u00a0<\/span><span data-contrast=\"none\"> demostrado ser efectivos al tratar problemas capilares, en particular la p\u00e9rdida del cabello, al ayudar a reactivar el ciclo de los fol\u00edculo.<\/span><\/p>\n<p><span data-contrast=\"none\">\u00bfNo sabes que elegir?<\/span> <span data-contrast=\"none\"><strong>Agenda tu evaluaci\u00f3n gratis<\/strong><\/span><span data-contrast=\"none\"> (Dale clic al boton de <strong>WhatsApp<\/strong> a\u00a0 programar la evaluaci\u00f3n en Bodyclinic.)<\/span><span data-ccp-props=\"{&quot;134233117&quot;:false,&quot;134233118&quot;:false,&quot;201341983&quot;:0,&quot;335559738&quot;:0,&quot;335559739&quot;:360,&quot;335559740&quot;:240}\">\u00a0<\/span><\/p>\n<p><span data-contrast=\"none\">En Body Clinic nos preocupamos por tu salud<\/span><span data-ccp-props=\"{&quot;134233117&quot;:false,&quot;134233118&quot;:false,&quot;201341983&quot;:0,&quot;335559738&quot;:0,&quot;335559739&quot;:360,&quot;335559740&quot;:240}\">\u00a0<\/span><\/p>\n<ul>\n<li data-leveltext=\"\uf0b7\" data-font=\"Symbol\" data-listid=\"5\" data-list-defn-props=\"{&quot;335552541&quot;:1,&quot;335559684&quot;:-2,&quot;335559685&quot;:720,&quot;335559991&quot;:360,&quot;469769226&quot;:&quot;Symbol&quot;,&quot;469769242&quot;:[8226],&quot;469777803&quot;:&quot;left&quot;,&quot;469777804&quot;:&quot;\uf0b7&quot;,&quot;469777815&quot;:&quot;multilevel&quot;}\" aria-setsize=\"-1\" data-aria-posinset=\"1\" data-aria-level=\"1\"><span data-contrast=\"none\">Tratamientos realizados por Profesionales Certificados<\/span><span data-ccp-props=\"{&quot;134233117&quot;:true,&quot;134233118&quot;:true,&quot;201341983&quot;:0,&quot;335559739&quot;:160,&quot;335559740&quot;:240}\">\u00a0<\/span><\/li>\n<li data-leveltext=\"\uf0b7\" data-font=\"Symbol\" data-listid=\"5\" data-list-defn-props=\"{&quot;335552541&quot;:1,&quot;335559684&quot;:-2,&quot;335559685&quot;:720,&quot;335559991&quot;:360,&quot;469769226&quot;:&quot;Symbol&quot;,&quot;469769242&quot;:[8226],&quot;469777803&quot;:&quot;left&quot;,&quot;469777804&quot;:&quot;\uf0b7&quot;,&quot;469777815&quot;:&quot;multilevel&quot;}\" aria-setsize=\"-1\" data-aria-posinset=\"2\" data-aria-level=\"1\"><span data-contrast=\"none\">Productos de calidad con certificaciones internacionales<\/span><span data-ccp-props=\"{&quot;134233117&quot;:true,&quot;134233118&quot;:true,&quot;201341983&quot;:0,&quot;335559739&quot;:160,&quot;335559740&quot;:240}\">\u00a0<\/span><\/li>\n<li data-leveltext=\"\uf0b7\" data-font=\"Symbol\" data-listid=\"5\" data-list-defn-props=\"{&quot;335552541&quot;:1,&quot;335559684&quot;:-2,&quot;335559685&quot;:720,&quot;335559991&quot;:360,&quot;469769226&quot;:&quot;Symbol&quot;,&quot;469769242&quot;:[8226],&quot;469777803&quot;:&quot;left&quot;,&quot;469777804&quot;:&quot;\uf0b7&quot;,&quot;469777815&quot;:&quot;multilevel&quot;}\" aria-setsize=\"-1\" data-aria-posinset=\"3\" data-aria-level=\"1\"><span data-contrast=\"none\">Nuestras cl\u00ednicas est\u00e1n aprobadas por SEREMI de salud<\/span><span data-ccp-props=\"{&quot;134233117&quot;:true,&quot;134233118&quot;:true,&quot;201341983&quot;:0,&quot;335559739&quot;:160,&quot;335559740&quot;:240}\">\u00a0<\/span><\/li>\n<\/ul>\n","protected":false},"featured_media":978,"comment_status":"open","ping_status":"closed","template":"","meta":[],"product_brand":[],"product_cat":[29],"product_tag":[],"class_list":{"0":"post-977","1":"product","2":"type-product","3":"status-publish","4":"has-post-thumbnail","6":"product_cat-alopecia","8":"first","9":"instock","10":"sale","11":"shipping-taxable","12":"purchasable","13":"product-type-simple"},"_links":{"self":[{"href":"https:\/\/www.bodyclinic.cl\/index.php?rest_route=\/wp\/v2\/product\/977","targetHints":{"allow":["GET"]}}],"collection":[{"href":"https:\/\/www.bodyclinic.cl\/index.php?rest_route=\/wp\/v2\/product"}],"about":[{"href":"https:\/\/www.bodyclinic.cl\/index.php?rest_route=\/wp\/v2\/types\/product"}],"replies":[{"embeddable":true,"href":"https:\/\/www.bodyclinic.cl\/index.php?rest_route=%2Fwp%2Fv2%2Fcomments&post=977"}],"wp:featuredmedia":[{"embeddable":true,"href":"https:\/\/www.bodyclinic.cl\/index.php?rest_route=\/wp\/v2\/media\/978"}],"wp:attachment":[{"href":"https:\/\/www.bodyclinic.cl\/index.php?rest_route=%2Fwp%2Fv2%2Fmedia&parent=977"}],"wp:term":[{"taxonomy":"product_brand","embeddable":true,"href":"https:\/\/www.bodyclinic.cl\/index.php?rest_route=%2Fwp%2Fv2%2Fproduct_brand&post=977"},{"taxonomy":"product_cat","embeddable":true,"href":"https:\/\/www.bodyclinic.cl\/index.php?rest_route=%2Fwp%2Fv2%2Fproduct_cat&post=977"},{"taxonomy":"product_tag","embeddable":true,"href":"https:\/\/www.bodyclinic.cl\/index.php?rest_route=%2Fwp%2Fv2%2Fproduct_tag&post=977"}],"curies":[{"name":"wp","href":"https:\/\/api.w.org\/{rel}","templated":true}]}}