{"id":972,"date":"2022-12-15T19:04:51","date_gmt":"2022-12-15T19:04:51","guid":{"rendered":"https:\/\/www.bodyclinic.cl\/?post_type=product&#038;p=972"},"modified":"2023-05-04T21:20:55","modified_gmt":"2023-05-04T21:20:55","slug":"plasma-rico-en-plaquetas-prp-casco-laser-diodo","status":"publish","type":"product","link":"https:\/\/www.bodyclinic.cl\/?product=plasma-rico-en-plaquetas-prp-casco-laser-diodo","title":{"rendered":"Plasma Rico en Plaquetas\u202f(PRP) + Casco Laser Diodo"},"content":{"rendered":"<p><strong>\u00bfPara qu\u00e9 sirve el PRP capilar? <\/strong><\/p>\n<p>El PRP, siglas de Plasma Rico en Plaquetas, es un tratamiento que se utiliza para regenerar los fol\u00edculos pilosos o ra\u00edz del cabello. Es especialmente \u00fatil en casos de ca\u00edda masiva de pelo o en situaciones en que hay un deterioro de la calidad del cabello.<\/p>\n<p><strong>\u00bfQu\u00e9 es el PRP capilar? <\/strong><\/p>\n<p>El PRP es un tratamiento que se obtiene del propio paciente a trav\u00e9s de la centrifugaci\u00f3n de una muestra de sangre en la que separamos el plasma. El plasma contiene las plaquetas y factores de crecimiento que tienen propiedades regenerativas cuando las infiltramos en un tejido.<\/p>\n<p><strong>\u00bfCu\u00e1ntas sesiones de PRP capilar son necesarias? <\/strong><\/p>\n<p>El protocolo habitual es de cuatro a seis sesiones separadas por un mes entre ellas. Tras esa tanda inicial se puede realizar una sesi\u00f3n de mantenimiento cada seis meses para mantener un buen estado del cuero cabelludo.<\/p>\n<p><strong>\u00bfCuales son los resultados? <\/strong><\/p>\n<p>El tratamiento nos ofrece potenciar de forma natural la capacidad de crecimiento de los tejidos, sin riesgos de rechazos, alergias o efectos secundarios. Los resultados se aprecian progresivamente, a partir de las dos o tres sesiones se empiezan a ver las mejoras. La estimulaci\u00f3n del fol\u00edculo piloso ayuda a frenar la ca\u00edda del cabello y a la vez potencia su regeneraci\u00f3n. Cada sesi\u00f3n puede tener una duraci\u00f3n de una hora aproximadamente en la que se realiza la extracci\u00f3n de sangre, la centrifugaci\u00f3n y las infiltraciones en las sesiones de\u202fPRP en Bodyclinic.<\/p>\n","protected":false},"excerpt":{"rendered":"<p>Este tratamiento consiste en la extracci\u00f3n de sangre del propio paciente que posteriormente se centrifuga para obtener un plasma rico en factores de crecimiento y plaquetas (PRP).<\/p>\n<p>El plasma obtenido tras la centrifugaci\u00f3n se administra mediante mesoterapia en el cuero cabelludo a trav\u00e9s de peque\u00f1as infiltraciones. Tras las sesiones podemos hacer vida normal y no se aprecia ninguna se\u00f1al del tratamiento. Los resultados suelen ser evidentes a partir de la segunda o tercera sesi\u00f3n. Con la aplicaci\u00f3n del PRP conseguimos la estimulaci\u00f3n de la formaci\u00f3n de \u00e1cido hialur\u00f3nico y elastina. De este modo, logramos vascularizar el fol\u00edculo piloso y se impulsa la regeneraci\u00f3n del cabello.<\/p>\n<p><strong>En Body Clinic nos preocupamos por tu salud\u00a0<\/strong><\/p>\n<ul>\n<li data-leveltext=\"\uf0b7\" data-font=\"Symbol\" data-listid=\"5\" data-list-defn-props=\"{&quot;335552541&quot;:1,&quot;335559684&quot;:-2,&quot;335559685&quot;:720,&quot;335559991&quot;:360,&quot;469769226&quot;:&quot;Symbol&quot;,&quot;469769242&quot;:[8226],&quot;469777803&quot;:&quot;left&quot;,&quot;469777804&quot;:&quot;\uf0b7&quot;,&quot;469777815&quot;:&quot;multilevel&quot;}\" aria-setsize=\"-1\" data-aria-posinset=\"1\" data-aria-level=\"1\"><span data-contrast=\"none\">Tratamientos realizados por Profesionales Certificados<\/span><span data-ccp-props=\"{&quot;134233117&quot;:true,&quot;134233118&quot;:true,&quot;201341983&quot;:0,&quot;335559739&quot;:160,&quot;335559740&quot;:240}\">\u00a0<\/span><\/li>\n<li data-leveltext=\"\uf0b7\" data-font=\"Symbol\" data-listid=\"5\" data-list-defn-props=\"{&quot;335552541&quot;:1,&quot;335559684&quot;:-2,&quot;335559685&quot;:720,&quot;335559991&quot;:360,&quot;469769226&quot;:&quot;Symbol&quot;,&quot;469769242&quot;:[8226],&quot;469777803&quot;:&quot;left&quot;,&quot;469777804&quot;:&quot;\uf0b7&quot;,&quot;469777815&quot;:&quot;multilevel&quot;}\" aria-setsize=\"-1\" data-aria-posinset=\"2\" data-aria-level=\"1\"><span data-contrast=\"none\">Productos de calidad con certificaciones internacionales<\/span><\/li>\n<li data-leveltext=\"\uf0b7\" data-font=\"Symbol\" data-listid=\"5\" data-list-defn-props=\"{&quot;335552541&quot;:1,&quot;335559684&quot;:-2,&quot;335559685&quot;:720,&quot;335559991&quot;:360,&quot;469769226&quot;:&quot;Symbol&quot;,&quot;469769242&quot;:[8226],&quot;469777803&quot;:&quot;left&quot;,&quot;469777804&quot;:&quot;\uf0b7&quot;,&quot;469777815&quot;:&quot;multilevel&quot;}\" aria-setsize=\"-1\" data-aria-posinset=\"2\" data-aria-level=\"1\"><span data-contrast=\"none\">Nuestras cl\u00ednicas est\u00e1n aprobadas por SEREMI de salud<\/span><span data-ccp-props=\"{&quot;134233117&quot;:true,&quot;134233118&quot;:true,&quot;201341983&quot;:0,&quot;335559739&quot;:160,&quot;335559740&quot;:240}\">\u00a0<\/span><\/li>\n<\/ul>\n<p><span class=\"TextRun SCXW116140776 BCX8\" lang=\"ES-CL\" xml:lang=\"ES-CL\" data-contrast=\"none\"><span class=\"NormalTextRun SCXW116140776 BCX8\" data-ccp-parastyle=\"Normal (Web)\">\u00bfNo sabes que elegir?<\/span><\/span> <strong><span class=\"TextRun Underlined SCXW116140776 BCX8\" lang=\"ES-CL\" xml:lang=\"ES-CL\" data-contrast=\"none\"><span class=\"NormalTextRun SCXW116140776 BCX8\" data-ccp-charstyle=\"Hyperlink\">Agenda tu evaluaci\u00f3n gratis<\/span><\/span><\/strong><span class=\"TextRun SCXW116140776 BCX8\" lang=\"ES-CL\" xml:lang=\"ES-CL\" data-contrast=\"none\"><span class=\"NormalTextRun SCXW116140776 BCX8\" data-ccp-parastyle=\"Normal (Web)\"> (Dale clic al bot\u00f3n de <strong>W<\/strong><\/span><strong><span class=\"NormalTextRun SpellingErrorV2Themed SCXW116140776 BCX8\" data-ccp-parastyle=\"Normal (Web)\">hatsApp<\/span><\/strong> par<span class=\"NormalTextRun ContextualSpellingAndGrammarErrorV2Themed SCXW116140776 BCX8\" data-ccp-parastyle=\"Normal (Web)\">a\u00a0 programar<\/span><span class=\"NormalTextRun SCXW116140776 BCX8\" data-ccp-parastyle=\"Normal (Web)\"> la evaluaci\u00f3n<\/span><span class=\"NormalTextRun SCXW116140776 BCX8\" data-ccp-parastyle=\"Normal (Web)\"> en <\/span><span class=\"NormalTextRun SpellingErrorV2Themed SCXW116140776 BCX8\" data-ccp-parastyle=\"Normal (Web)\">Bodyclinic<\/span><span class=\"NormalTextRun SCXW116140776 BCX8\" data-ccp-parastyle=\"Normal (Web)\">.)<\/span><\/span><span class=\"EOP SCXW116140776 BCX8\" data-ccp-props=\"{&quot;134233117&quot;:false,&quot;134233118&quot;:false,&quot;201341983&quot;:0,&quot;335559738&quot;:0,&quot;335559739&quot;:360,&quot;335559740&quot;:240}\">\u00a0<\/span><\/p>\n","protected":false},"featured_media":973,"comment_status":"open","ping_status":"closed","template":"","meta":[],"product_brand":[],"product_cat":[29],"product_tag":[],"class_list":{"0":"post-972","1":"product","2":"type-product","3":"status-publish","4":"has-post-thumbnail","6":"product_cat-alopecia","8":"first","9":"instock","10":"sale","11":"shipping-taxable","12":"purchasable","13":"product-type-simple"},"_links":{"self":[{"href":"https:\/\/www.bodyclinic.cl\/index.php?rest_route=\/wp\/v2\/product\/972","targetHints":{"allow":["GET"]}}],"collection":[{"href":"https:\/\/www.bodyclinic.cl\/index.php?rest_route=\/wp\/v2\/product"}],"about":[{"href":"https:\/\/www.bodyclinic.cl\/index.php?rest_route=\/wp\/v2\/types\/product"}],"replies":[{"embeddable":true,"href":"https:\/\/www.bodyclinic.cl\/index.php?rest_route=%2Fwp%2Fv2%2Fcomments&post=972"}],"wp:featuredmedia":[{"embeddable":true,"href":"https:\/\/www.bodyclinic.cl\/index.php?rest_route=\/wp\/v2\/media\/973"}],"wp:attachment":[{"href":"https:\/\/www.bodyclinic.cl\/index.php?rest_route=%2Fwp%2Fv2%2Fmedia&parent=972"}],"wp:term":[{"taxonomy":"product_brand","embeddable":true,"href":"https:\/\/www.bodyclinic.cl\/index.php?rest_route=%2Fwp%2Fv2%2Fproduct_brand&post=972"},{"taxonomy":"product_cat","embeddable":true,"href":"https:\/\/www.bodyclinic.cl\/index.php?rest_route=%2Fwp%2Fv2%2Fproduct_cat&post=972"},{"taxonomy":"product_tag","embeddable":true,"href":"https:\/\/www.bodyclinic.cl\/index.php?rest_route=%2Fwp%2Fv2%2Fproduct_tag&post=972"}],"curies":[{"name":"wp","href":"https:\/\/api.w.org\/{rel}","templated":true}]}}