{"id":969,"date":"2022-12-15T18:51:24","date_gmt":"2022-12-15T18:51:24","guid":{"rendered":"https:\/\/www.bodyclinic.cl\/?post_type=product&#038;p=969"},"modified":"2022-12-15T21:23:30","modified_gmt":"2022-12-15T21:23:30","slug":"depilacion-laser-espalda-completa-y-cuello-posterior-hombre","status":"publish","type":"product","link":"https:\/\/www.bodyclinic.cl\/?product=depilacion-laser-espalda-completa-y-cuello-posterior-hombre","title":{"rendered":"Depilaci\u00f3n L\u00e1ser Espalda Completa y Cuello Posterior Hombre"},"content":{"rendered":"<p>La depilaci\u00f3n l\u00e1ser, m\u00e1s segura y eficaz<\/p>\n<p>El L\u00e1ser Tribanda o Tril\u00e1ser es un novedoso sistema en el que se combinan tres longitudes de onda de distintos tipos de l\u00e1seres para una mejor depilaci\u00f3n l\u00e1ser, con la combinaci\u00f3n del l\u00e1ser Diodo, el l\u00e1ser Alejandrita m\u00e1s el l\u00e1ser Nd-Yag conseguimos llegar a todos los fototipos de piel y de vello,<\/p>\n<p><strong>Previo a realizar el tratamiento es necesario tener ciertas consideraciones importantes:<\/strong><\/p>\n<ul>\n<li>El tratamiento est\u00e1 contraindicado en personas que presenten cualquier tipo de condici\u00f3n patol\u00f3gica en la piel cicatrices recientes, queloides, heridas abiertas, Bronceado Natural y Artificial, eczema, herpes simple entre otras<\/li>\n<li>Para lograr un tratamiento efectivo se requieren de 6 a 8 sesiones separadas entre s\u00ed de 20 a 30 d\u00edas. As\u00ed mismo al terminar el tratamiento es posible que sea necesario realizar sesiones de retoque en meses posteriores para mantener el efecto.<\/li>\n<li>La aplicaci\u00f3n del l\u00e1ser puede resultar molesta e incluso levemente dolorosa en ciertas zonas, presentar irritaci\u00f3n, enrojecimiento moderado o inflamaci\u00f3n de los poros.<\/li>\n<\/ul>\n","protected":false},"excerpt":{"rendered":"<p>\u00c1rea depilaci\u00f3n l\u00e1ser de Espalda Completa y Cuello Posterior<br \/>\n<strong>6 SESIONES de depilaci\u00f3n l\u00e1ser en zonas mencionadas.<\/strong><\/p>\n<p>Periodicidad: Cada sesi\u00f3n se realiza como m\u00ednimo cada 30 d\u00edas, sujeto a evaluaci\u00f3n.<br \/>\nProcedimiento: Antes de iniciar el tratamiento se har\u00e1 una breve consulta para asegurar que no hay incompatibilidades ni patolog\u00edas de la piel que no permitan la correcta realizaci\u00f3n del procedimiento.<br \/>\nConsideraciones: Recuerda que debes venir con las zonas a tratar con al menos 3 d\u00edas de rasurada y sin consumir medicamentos contraindicados.<\/p>\n","protected":false},"featured_media":970,"comment_status":"open","ping_status":"closed","template":"","meta":[],"product_brand":[],"product_cat":[30],"product_tag":[],"class_list":{"0":"post-969","1":"product","2":"type-product","3":"status-publish","4":"has-post-thumbnail","6":"product_cat-hombres","8":"first","9":"instock","10":"sale","11":"shipping-taxable","12":"purchasable","13":"product-type-simple"},"_links":{"self":[{"href":"https:\/\/www.bodyclinic.cl\/index.php?rest_route=\/wp\/v2\/product\/969","targetHints":{"allow":["GET"]}}],"collection":[{"href":"https:\/\/www.bodyclinic.cl\/index.php?rest_route=\/wp\/v2\/product"}],"about":[{"href":"https:\/\/www.bodyclinic.cl\/index.php?rest_route=\/wp\/v2\/types\/product"}],"replies":[{"embeddable":true,"href":"https:\/\/www.bodyclinic.cl\/index.php?rest_route=%2Fwp%2Fv2%2Fcomments&post=969"}],"wp:featuredmedia":[{"embeddable":true,"href":"https:\/\/www.bodyclinic.cl\/index.php?rest_route=\/wp\/v2\/media\/970"}],"wp:attachment":[{"href":"https:\/\/www.bodyclinic.cl\/index.php?rest_route=%2Fwp%2Fv2%2Fmedia&parent=969"}],"wp:term":[{"taxonomy":"product_brand","embeddable":true,"href":"https:\/\/www.bodyclinic.cl\/index.php?rest_route=%2Fwp%2Fv2%2Fproduct_brand&post=969"},{"taxonomy":"product_cat","embeddable":true,"href":"https:\/\/www.bodyclinic.cl\/index.php?rest_route=%2Fwp%2Fv2%2Fproduct_cat&post=969"},{"taxonomy":"product_tag","embeddable":true,"href":"https:\/\/www.bodyclinic.cl\/index.php?rest_route=%2Fwp%2Fv2%2Fproduct_tag&post=969"}],"curies":[{"name":"wp","href":"https:\/\/api.w.org\/{rel}","templated":true}]}}