{"id":965,"date":"2023-11-14T18:39:35","date_gmt":"2023-11-14T18:39:35","guid":{"rendered":"https:\/\/www.bodyclinic.cl\/?post_type=product&#038;p=965"},"modified":"2023-11-14T20:51:12","modified_gmt":"2023-11-14T20:51:12","slug":"depilacion-laser-barba-completa-cuello-anterior-hombre","status":"publish","type":"product","link":"https:\/\/www.bodyclinic.cl\/?product=depilacion-laser-barba-completa-cuello-anterior-hombre","title":{"rendered":"Barba Completa  O  Rostro Completo"},"content":{"rendered":"<p>La depilaci\u00f3n l\u00e1ser, m\u00e1s segura y eficaz<\/p>\n<p>El L\u00e1ser Tribanda o Tril\u00e1ser es un novedoso sistema en el que se combinan tres longitudes de onda de distintos tipos de l\u00e1seres para una mejor depilaci\u00f3n l\u00e1ser, con la combinaci\u00f3n del l\u00e1ser Diodo, el l\u00e1ser Alejandrita m\u00e1s el l\u00e1ser Nd-Yag conseguimos llegar a todos los fototipos de piel y de vello, a diferencia del l\u00e1ser de diodo que es muy espec\u00edfico para una piel morena y vello negro. El Trilaser es la evoluci\u00f3n del l\u00e1ser de diodo, este novedosos sistema con un tratamiento totalmente indoloro y seguro.<\/p>\n<p><strong>Previo a realizar el tratamiento es necesario tener ciertas consideraciones importantes:<\/strong><\/p>\n<ul>\n<li>El tratamiento est\u00e1 contraindicado en personas que presenten cualquier tipo de condici\u00f3n patol\u00f3gica en la piel cicatrices recientes, queloides, heridas abiertas, Bronceado Natural y Artificial, eczema, herpes simple entre otras, como tambi\u00e9n estar\u00e1 contraindicado en mujeres embarazadas y periodo de lactancia.<\/li>\n<li>Para lograr un tratamiento efectivo se requieren de 6 a 8 sesiones separadas entre s\u00ed de 20 a 30 d\u00edas. As\u00ed mismo al terminar el tratamiento es posible que sea necesario realizar sesiones de retoque en meses posteriores para mantener el efecto.<\/li>\n<li>La aplicaci\u00f3n del l\u00e1ser puede resultar molesta e incluso levemente dolorosa en ciertas zonas, presentar irritaci\u00f3n, enrojecimiento moderado o inflamaci\u00f3n de los poros.<\/li>\n<li>En algunos casos puede generar episodios al\u00e9rgicos o de acn\u00e9 m\u00e1s com\u00fanmente en rostro y piernas, de ser as\u00ed deber\u00e1 avisar a la brevedad al centro para indicarle protocolos a seguir.<\/li>\n<\/ul>\n<p>&nbsp;<\/p>\n<table data-tablestyle=\"MsoNormalTable\" data-tablelook=\"1184\" aria-rowcount=\"1\">\n<tbody>\n<tr aria-rowindex=\"1\">\n<td data-celllook=\"69905\"><span data-contrast=\"none\">Sucursal<\/span><span data-ccp-props=\"{&quot;201341983&quot;:0,&quot;335559739&quot;:0,&quot;335559740&quot;:240}\">\u00a0<\/span><\/td>\n<td data-celllook=\"69905\"><span data-contrast=\"none\">Santiago \u2013 Nueva las condes 12235 Local 25. Las Condes.<\/span><span data-ccp-props=\"{&quot;201341983&quot;:0,&quot;335559739&quot;:0,&quot;335559740&quot;:240}\">\u00a0<\/span><\/td>\n<\/tr>\n<\/tbody>\n<\/table>\n<p aria-level=\"2\"><b><span data-contrast=\"none\">Estos tratamientos esperan por ti<\/span><\/b><\/p>\n","protected":false},"excerpt":{"rendered":"<p>\u00c1rea depilaci\u00f3n l\u00e1ser de Barba Completa + Cuello Anterior<br \/>\n6 SESIONES de depilaci\u00f3n l\u00e1ser en zonas mencionadas.<\/p>\n<p>Periodicidad: Cada sesi\u00f3n se realiza como m\u00ednimo cada 30 d\u00edas, sujeto a evaluaci\u00f3n.<br \/>\nProcedimiento: Antes de iniciar el tratamiento se har\u00e1 una breve consulta para asegurar que no hay incompatibilidades ni patolog\u00edas de la piel que no permitan la correcta realizaci\u00f3n del procedimiento.<br \/>\nConsideraciones: Recuerda que debes venir con las zonas a tratar con al menos 3 d\u00edas de rasurada y sin consumir medicamentos contraindicados<\/p>\n","protected":false},"featured_media":966,"comment_status":"open","ping_status":"closed","template":"","meta":[],"product_brand":[],"product_cat":[30],"product_tag":[],"class_list":{"0":"post-965","1":"product","2":"type-product","3":"status-publish","4":"has-post-thumbnail","6":"product_cat-hombres","8":"first","9":"instock","10":"sale","11":"shipping-taxable","12":"purchasable","13":"product-type-simple"},"_links":{"self":[{"href":"https:\/\/www.bodyclinic.cl\/index.php?rest_route=\/wp\/v2\/product\/965","targetHints":{"allow":["GET"]}}],"collection":[{"href":"https:\/\/www.bodyclinic.cl\/index.php?rest_route=\/wp\/v2\/product"}],"about":[{"href":"https:\/\/www.bodyclinic.cl\/index.php?rest_route=\/wp\/v2\/types\/product"}],"replies":[{"embeddable":true,"href":"https:\/\/www.bodyclinic.cl\/index.php?rest_route=%2Fwp%2Fv2%2Fcomments&post=965"}],"wp:featuredmedia":[{"embeddable":true,"href":"https:\/\/www.bodyclinic.cl\/index.php?rest_route=\/wp\/v2\/media\/966"}],"wp:attachment":[{"href":"https:\/\/www.bodyclinic.cl\/index.php?rest_route=%2Fwp%2Fv2%2Fmedia&parent=965"}],"wp:term":[{"taxonomy":"product_brand","embeddable":true,"href":"https:\/\/www.bodyclinic.cl\/index.php?rest_route=%2Fwp%2Fv2%2Fproduct_brand&post=965"},{"taxonomy":"product_cat","embeddable":true,"href":"https:\/\/www.bodyclinic.cl\/index.php?rest_route=%2Fwp%2Fv2%2Fproduct_cat&post=965"},{"taxonomy":"product_tag","embeddable":true,"href":"https:\/\/www.bodyclinic.cl\/index.php?rest_route=%2Fwp%2Fv2%2Fproduct_tag&post=965"}],"curies":[{"name":"wp","href":"https:\/\/api.w.org\/{rel}","templated":true}]}}