{"id":649,"date":"2022-05-14T20:29:52","date_gmt":"2022-05-14T20:29:52","guid":{"rendered":"https:\/\/www.bodyclinic.cl\/?post_type=product&#038;p=649"},"modified":"2023-11-14T19:00:32","modified_gmt":"2023-11-14T19:00:32","slug":"rebaje-completo-intergluteo-axila","status":"publish","type":"product","link":"https:\/\/www.bodyclinic.cl\/?product=rebaje-completo-intergluteo-axila","title":{"rendered":"Rebaje Total + Intergl\u00fateo + Axilas"},"content":{"rendered":"<p>PACK DE 6 SESIONES DE DEPILACI\u00d3N L\u00c1SER<br \/>\nPeriodicidad: Cada sesi\u00f3n se realiza como m\u00ednimo cada 21 \u2013 30 d\u00edas, sujeto a evaluaci\u00f3n.<\/p>\n","protected":false},"excerpt":{"rendered":"<p>PACK DE 6 SESIONES DE DEPILACI\u00d3N L\u00c1SER<br \/>\nPeriodicidad: Cada sesi\u00f3n se realiza como m\u00ednimo cada 21 \u2013 30 d\u00edas, sujeto a evaluaci\u00f3n.<\/p>\n","protected":false},"featured_media":650,"comment_status":"open","ping_status":"closed","template":"","meta":[],"product_brand":[],"product_cat":[28],"product_tag":[],"class_list":{"0":"post-649","1":"product","2":"type-product","3":"status-publish","4":"has-post-thumbnail","6":"product_cat-depilacion","8":"first","9":"instock","10":"sale","11":"shipping-taxable","12":"purchasable","13":"product-type-simple"},"_links":{"self":[{"href":"https:\/\/www.bodyclinic.cl\/index.php?rest_route=\/wp\/v2\/product\/649","targetHints":{"allow":["GET"]}}],"collection":[{"href":"https:\/\/www.bodyclinic.cl\/index.php?rest_route=\/wp\/v2\/product"}],"about":[{"href":"https:\/\/www.bodyclinic.cl\/index.php?rest_route=\/wp\/v2\/types\/product"}],"replies":[{"embeddable":true,"href":"https:\/\/www.bodyclinic.cl\/index.php?rest_route=%2Fwp%2Fv2%2Fcomments&post=649"}],"wp:featuredmedia":[{"embeddable":true,"href":"https:\/\/www.bodyclinic.cl\/index.php?rest_route=\/wp\/v2\/media\/650"}],"wp:attachment":[{"href":"https:\/\/www.bodyclinic.cl\/index.php?rest_route=%2Fwp%2Fv2%2Fmedia&parent=649"}],"wp:term":[{"taxonomy":"product_brand","embeddable":true,"href":"https:\/\/www.bodyclinic.cl\/index.php?rest_route=%2Fwp%2Fv2%2Fproduct_brand&post=649"},{"taxonomy":"product_cat","embeddable":true,"href":"https:\/\/www.bodyclinic.cl\/index.php?rest_route=%2Fwp%2Fv2%2Fproduct_cat&post=649"},{"taxonomy":"product_tag","embeddable":true,"href":"https:\/\/www.bodyclinic.cl\/index.php?rest_route=%2Fwp%2Fv2%2Fproduct_tag&post=649"}],"curies":[{"name":"wp","href":"https:\/\/api.w.org\/{rel}","templated":true}]}}