{"id":639,"date":"2022-05-02T19:28:03","date_gmt":"2022-05-02T19:28:03","guid":{"rendered":"https:\/\/www.bodyclinic.cl\/?page_id=639"},"modified":"2023-05-04T15:47:10","modified_gmt":"2023-05-04T15:47:10","slug":"639-2","status":"publish","type":"page","link":"https:\/\/www.bodyclinic.cl\/?page_id=639","title":{"rendered":"Alopecia"},"content":{"rendered":"\n<figure class=\"wp-block-image size-large is-style-default\"><img fetchpriority=\"high\" decoding=\"async\" width=\"1024\" height=\"131\" src=\"https:\/\/www.bodyclinic.cl\/wp-content\/uploads\/2022\/05\/ALOPECIA_Mesa-de-trabajo-1-1024x131.jpg\" alt=\"\" class=\"wp-image-640\" srcset=\"https:\/\/www.bodyclinic.cl\/wp-content\/uploads\/2022\/05\/ALOPECIA_Mesa-de-trabajo-1-1024x131.jpg 1024w, https:\/\/www.bodyclinic.cl\/wp-content\/uploads\/2022\/05\/ALOPECIA_Mesa-de-trabajo-1-300x38.jpg 300w, https:\/\/www.bodyclinic.cl\/wp-content\/uploads\/2022\/05\/ALOPECIA_Mesa-de-trabajo-1-768x98.jpg 768w, https:\/\/www.bodyclinic.cl\/wp-content\/uploads\/2022\/05\/ALOPECIA_Mesa-de-trabajo-1-1536x197.jpg 1536w, https:\/\/www.bodyclinic.cl\/wp-content\/uploads\/2022\/05\/ALOPECIA_Mesa-de-trabajo-1-2048x262.jpg 2048w, https:\/\/www.bodyclinic.cl\/wp-content\/uploads\/2022\/05\/ALOPECIA_Mesa-de-trabajo-1-1140x146.jpg 1140w, https:\/\/www.bodyclinic.cl\/wp-content\/uploads\/2022\/05\/ALOPECIA_Mesa-de-trabajo-1-920x118.jpg 920w, https:\/\/www.bodyclinic.cl\/wp-content\/uploads\/2022\/05\/ALOPECIA_Mesa-de-trabajo-1-575x74.jpg 575w, https:\/\/www.bodyclinic.cl\/wp-content\/uploads\/2022\/05\/ALOPECIA_Mesa-de-trabajo-1-380x49.jpg 380w, https:\/\/www.bodyclinic.cl\/wp-content\/uploads\/2022\/05\/ALOPECIA_Mesa-de-trabajo-1-420x54.jpg 420w, https:\/\/www.bodyclinic.cl\/wp-content\/uploads\/2022\/05\/ALOPECIA_Mesa-de-trabajo-1-800x103.jpg 800w\" sizes=\"(max-width: 1024px) 100vw, 1024px\" \/><\/figure>\n\n\n\n<p>Hoy en d\u00eda pocas cosas son imposibles y si los \u00e1rboles pueden volver a florecer, todos aquellos que sufren de alopecia pueden volver a tener pelo tambi\u00e9n. La alopecia es la perdida la alopecia es una enfermedad muy com\u00fan en los hombres y mujeres, que afecta los fol\u00edculos pilosos del cuero cabelludo o en todo el cuerpo, y produce la ca\u00edda del pelo.&nbsp;<\/p>\n\n\n<div data-block-name=\"woocommerce\/product-category\" data-categories=\"[29]\" data-content-visibility=\"{&quot;image&quot;:true,&quot;title&quot;:true,&quot;price&quot;:true,&quot;rating&quot;:false,&quot;button&quot;:false}\" data-stock-status=\"[&quot;instock&quot;,&quot;outofstock&quot;,&quot;onbackorder&quot;]\" class=\"wc-block-grid wp-block-product-category wp-block-woocommerce-product-category wc-block-product-category has-3-columns has-multiple-rows\"><ul class=\"wc-block-grid__products\"><li class=\"wc-block-grid__product product-grid \">\n\t\t\t\t<div class=\"loop-image-wrap botiga-add-to-cart-button-layout1\">\n\t\t\t\t\t<a href=\"https:\/\/www.bodyclinic.cl\/?product=masaje-capilar-casco-laser-diodo\" class=\"wc-block-grid__product-link\">\n\t\t\t\t\t\t<div class=\"wc-block-grid__product-image\"><img decoding=\"async\" width=\"420\" height=\"315\" src=\"https:\/\/www.bodyclinic.cl\/wp-content\/uploads\/2023\/05\/Masaje-capilar-Casco-Laser-Diodo-420x315.jpg\" class=\"attachment-woocommerce_thumbnail size-woocommerce_thumbnail\" alt=\"Masaje capilar+ Casco Laser Diodo\" srcset=\"https:\/\/www.bodyclinic.cl\/wp-content\/uploads\/2023\/05\/Masaje-capilar-Casco-Laser-Diodo-420x315.jpg 420w, https:\/\/www.bodyclinic.cl\/wp-content\/uploads\/2023\/05\/Masaje-capilar-Casco-Laser-Diodo-300x225.jpg 300w, https:\/\/www.bodyclinic.cl\/wp-content\/uploads\/2023\/05\/Masaje-capilar-Casco-Laser-Diodo-1024x768.jpg 1024w, https:\/\/www.bodyclinic.cl\/wp-content\/uploads\/2023\/05\/Masaje-capilar-Casco-Laser-Diodo-768x576.jpg 768w, https:\/\/www.bodyclinic.cl\/wp-content\/uploads\/2023\/05\/Masaje-capilar-Casco-Laser-Diodo-1536x1152.jpg 1536w, https:\/\/www.bodyclinic.cl\/wp-content\/uploads\/2023\/05\/Masaje-capilar-Casco-Laser-Diodo-1140x855.jpg 1140w, https:\/\/www.bodyclinic.cl\/wp-content\/uploads\/2023\/05\/Masaje-capilar-Casco-Laser-Diodo-920x690.jpg 920w, https:\/\/www.bodyclinic.cl\/wp-content\/uploads\/2023\/05\/Masaje-capilar-Casco-Laser-Diodo-575x431.jpg 575w, https:\/\/www.bodyclinic.cl\/wp-content\/uploads\/2023\/05\/Masaje-capilar-Casco-Laser-Diodo-380x285.jpg 380w, https:\/\/www.bodyclinic.cl\/wp-content\/uploads\/2023\/05\/Masaje-capilar-Casco-Laser-Diodo-800x600.jpg 800w, https:\/\/www.bodyclinic.cl\/wp-content\/uploads\/2023\/05\/Masaje-capilar-Casco-Laser-Diodo.jpg 1920w\" sizes=\"(max-width: 420px) 100vw, 420px\" \/><\/div>\n\t\t\t\t\t<\/a><span class=\"onsale\">-22%<\/span><\/div><a href=\"https:\/\/www.bodyclinic.cl\/?product=masaje-capilar-casco-laser-diodo\" class=\"wc-block-grid__product-link\">\n\t\t\t\t\t<div class=\"wc-block-grid__product-title\">Masaje capilar+ Casco Laser Diodo<\/div>\n\t\t\t\t<\/a><div class=\"wc-block-grid__product-price price\"><del aria-hidden=\"true\"><span class=\"woocommerce-Price-amount amount\"><span class=\"woocommerce-Price-currencySymbol\">&#036;<\/span>54.990<\/span><\/del> <span class=\"screen-reader-text\">El precio original era: &#036;54.990.<\/span><ins aria-hidden=\"true\"><span class=\"woocommerce-Price-amount amount\"><span class=\"woocommerce-Price-currencySymbol\">&#036;<\/span>42.990<\/span><\/ins><span class=\"screen-reader-text\">El precio actual es: &#036;42.990.<\/span><\/div><\/li><li class=\"wc-block-grid__product product-grid \">\n\t\t\t\t<div class=\"loop-image-wrap botiga-add-to-cart-button-layout1\">\n\t\t\t\t\t<a href=\"https:\/\/www.bodyclinic.cl\/?product=masaje-capilar-radiofrecuencia\" class=\"wc-block-grid__product-link\">\n\t\t\t\t\t\t<div class=\"wc-block-grid__product-image\"><img decoding=\"async\" width=\"420\" height=\"280\" src=\"https:\/\/www.bodyclinic.cl\/wp-content\/uploads\/2022\/12\/CAPILARES-MASAJE-CAPILAR-420x280.jpg\" class=\"attachment-woocommerce_thumbnail size-woocommerce_thumbnail\" alt=\"Masaje capilar+ Radiofrecuencia\" srcset=\"https:\/\/www.bodyclinic.cl\/wp-content\/uploads\/2022\/12\/CAPILARES-MASAJE-CAPILAR-420x280.jpg 420w, https:\/\/www.bodyclinic.cl\/wp-content\/uploads\/2022\/12\/CAPILARES-MASAJE-CAPILAR-300x200.jpg 300w, https:\/\/www.bodyclinic.cl\/wp-content\/uploads\/2022\/12\/CAPILARES-MASAJE-CAPILAR-575x383.jpg 575w, https:\/\/www.bodyclinic.cl\/wp-content\/uploads\/2022\/12\/CAPILARES-MASAJE-CAPILAR-380x253.jpg 380w, https:\/\/www.bodyclinic.cl\/wp-content\/uploads\/2022\/12\/CAPILARES-MASAJE-CAPILAR.jpg 626w\" sizes=\"(max-width: 420px) 100vw, 420px\" \/><\/div>\n\t\t\t\t\t<\/a><span class=\"onsale\">-22%<\/span><\/div><a href=\"https:\/\/www.bodyclinic.cl\/?product=masaje-capilar-radiofrecuencia\" class=\"wc-block-grid__product-link\">\n\t\t\t\t\t<div class=\"wc-block-grid__product-title\">Masaje capilar+ Radiofrecuencia<\/div>\n\t\t\t\t<\/a><div class=\"wc-block-grid__product-price price\"><del aria-hidden=\"true\"><span class=\"woocommerce-Price-amount amount\"><span class=\"woocommerce-Price-currencySymbol\">&#036;<\/span>54.990<\/span><\/del> <span class=\"screen-reader-text\">El precio original era: &#036;54.990.<\/span><ins aria-hidden=\"true\"><span class=\"woocommerce-Price-amount amount\"><span class=\"woocommerce-Price-currencySymbol\">&#036;<\/span>42.990<\/span><\/ins><span class=\"screen-reader-text\">El precio actual es: &#036;42.990.<\/span><\/div><\/li><li class=\"wc-block-grid__product product-grid \">\n\t\t\t\t<div class=\"loop-image-wrap botiga-add-to-cart-button-layout1\">\n\t\t\t\t\t<a href=\"https:\/\/www.bodyclinic.cl\/?product=mesoterapia-nutricion-capilar-casco-laser-diodo\" class=\"wc-block-grid__product-link\">\n\t\t\t\t\t\t<div class=\"wc-block-grid__product-image\"><img loading=\"lazy\" decoding=\"async\" width=\"420\" height=\"341\" src=\"https:\/\/www.bodyclinic.cl\/wp-content\/uploads\/2022\/12\/Mesoterapia-nutricion-capilar-420x341.jpg\" class=\"attachment-woocommerce_thumbnail size-woocommerce_thumbnail\" alt=\"Mesoterapia nutrici\u00f3n capilar\u202f\u202f+ Casco Laser Diodo\" srcset=\"https:\/\/www.bodyclinic.cl\/wp-content\/uploads\/2022\/12\/Mesoterapia-nutricion-capilar-420x341.jpg 420w, https:\/\/www.bodyclinic.cl\/wp-content\/uploads\/2022\/12\/Mesoterapia-nutricion-capilar-300x244.jpg 300w, https:\/\/www.bodyclinic.cl\/wp-content\/uploads\/2022\/12\/Mesoterapia-nutricion-capilar-380x309.jpg 380w, https:\/\/www.bodyclinic.cl\/wp-content\/uploads\/2022\/12\/Mesoterapia-nutricion-capilar.jpg 500w\" sizes=\"(max-width: 420px) 100vw, 420px\" \/><\/div>\n\t\t\t\t\t<\/a><span class=\"onsale\">-39%<\/span><\/div><a href=\"https:\/\/www.bodyclinic.cl\/?product=mesoterapia-nutricion-capilar-casco-laser-diodo\" class=\"wc-block-grid__product-link\">\n\t\t\t\t\t<div class=\"wc-block-grid__product-title\">Mesoterapia nutrici\u00f3n capilar\u202f\u202f+ Casco Laser Diodo<\/div>\n\t\t\t\t<\/a><div class=\"wc-block-grid__product-price price\"><del aria-hidden=\"true\"><span class=\"woocommerce-Price-amount amount\"><span class=\"woocommerce-Price-currencySymbol\">&#036;<\/span>245.000<\/span><\/del> <span class=\"screen-reader-text\">El precio original era: &#036;245.000.<\/span><ins aria-hidden=\"true\"><span class=\"woocommerce-Price-amount amount\"><span class=\"woocommerce-Price-currencySymbol\">&#036;<\/span>149.990<\/span><\/ins><span class=\"screen-reader-text\">El precio actual es: &#036;149.990.<\/span><\/div><\/li><li class=\"wc-block-grid__product product-grid \">\n\t\t\t\t<div class=\"loop-image-wrap botiga-add-to-cart-button-layout1\">\n\t\t\t\t\t<a href=\"https:\/\/www.bodyclinic.cl\/?product=plasma-rico-en-plaquetas-prp-casco-laser-diodo\" class=\"wc-block-grid__product-link\">\n\t\t\t\t\t\t<div class=\"wc-block-grid__product-image\"><img loading=\"lazy\" decoding=\"async\" width=\"420\" height=\"260\" src=\"https:\/\/www.bodyclinic.cl\/wp-content\/uploads\/2022\/12\/3-750x465-1-420x260.jpg\" class=\"attachment-woocommerce_thumbnail size-woocommerce_thumbnail\" alt=\"Plasma Rico en Plaquetas\u202f(PRP) + Casco Laser Diodo\" srcset=\"https:\/\/www.bodyclinic.cl\/wp-content\/uploads\/2022\/12\/3-750x465-1-420x260.jpg 420w, https:\/\/www.bodyclinic.cl\/wp-content\/uploads\/2022\/12\/3-750x465-1-300x186.jpg 300w, https:\/\/www.bodyclinic.cl\/wp-content\/uploads\/2022\/12\/3-750x465-1-575x357.jpg 575w, https:\/\/www.bodyclinic.cl\/wp-content\/uploads\/2022\/12\/3-750x465-1-380x236.jpg 380w, https:\/\/www.bodyclinic.cl\/wp-content\/uploads\/2022\/12\/3-750x465-1.jpg 750w\" sizes=\"(max-width: 420px) 100vw, 420px\" \/><\/div>\n\t\t\t\t\t<\/a><span class=\"onsale\">-25%<\/span><\/div><a href=\"https:\/\/www.bodyclinic.cl\/?product=plasma-rico-en-plaquetas-prp-casco-laser-diodo\" class=\"wc-block-grid__product-link\">\n\t\t\t\t\t<div class=\"wc-block-grid__product-title\">Plasma Rico en Plaquetas\u202f(PRP) + Casco Laser Diodo<\/div>\n\t\t\t\t<\/a><div class=\"wc-block-grid__product-price price\"><del aria-hidden=\"true\"><span class=\"woocommerce-Price-amount amount\"><span class=\"woocommerce-Price-currencySymbol\">&#036;<\/span>159.990<\/span><\/del> <span class=\"screen-reader-text\">El precio original era: &#036;159.990.<\/span><ins aria-hidden=\"true\"><span class=\"woocommerce-Price-amount amount\"><span class=\"woocommerce-Price-currencySymbol\">&#036;<\/span>119.990<\/span><\/ins><span class=\"screen-reader-text\">El precio actual es: &#036;119.990.<\/span><\/div><\/li><\/ul><\/div>\n\n\n<div class=\"wp-block-group alignfull\"><div class=\"wp-block-group__inner-container is-layout-constrained wp-block-group-is-layout-constrained\">\n<div id=\"athemes-blocks-block-32a71a6d\" class=\"wp-block-athemes-athemes-blocks-block-container athemes-blocks-block athemes-blocks-block-32a71a6d athemes-blocks-block-container alignfull\"><div class=\"athemes-blocks-block-container-wrapper athemes-blocks-block-container-bg-cover athemes-blocks-block-container-bg-effect-scroll\"><div class=\"athemes-blocks-block-container-wrapper-content\"><div class=\"wp-block-image\">\n<figure class=\"aligncenter\"><img loading=\"lazy\" decoding=\"async\" width=\"1024\" height=\"261\" src=\"https:\/\/www.bodyclinic.cl\/wp-content\/uploads\/2022\/04\/BODY-CLINIC-18-1024x261.png\" alt=\"\" class=\"wp-image-404\" srcset=\"https:\/\/www.bodyclinic.cl\/wp-content\/uploads\/2022\/04\/BODY-CLINIC-18-1024x261.png 1024w, https:\/\/www.bodyclinic.cl\/wp-content\/uploads\/2022\/04\/BODY-CLINIC-18-420x107.png 420w, https:\/\/www.bodyclinic.cl\/wp-content\/uploads\/2022\/04\/BODY-CLINIC-18-800x204.png 800w, https:\/\/www.bodyclinic.cl\/wp-content\/uploads\/2022\/04\/BODY-CLINIC-18-300x77.png 300w, https:\/\/www.bodyclinic.cl\/wp-content\/uploads\/2022\/04\/BODY-CLINIC-18-768x196.png 768w, https:\/\/www.bodyclinic.cl\/wp-content\/uploads\/2022\/04\/BODY-CLINIC-18-1536x392.png 1536w, https:\/\/www.bodyclinic.cl\/wp-content\/uploads\/2022\/04\/BODY-CLINIC-18-2048x523.png 2048w, https:\/\/www.bodyclinic.cl\/wp-content\/uploads\/2022\/04\/BODY-CLINIC-18-1140x291.png 1140w, https:\/\/www.bodyclinic.cl\/wp-content\/uploads\/2022\/04\/BODY-CLINIC-18-920x235.png 920w, https:\/\/www.bodyclinic.cl\/wp-content\/uploads\/2022\/04\/BODY-CLINIC-18-575x147.png 575w, https:\/\/www.bodyclinic.cl\/wp-content\/uploads\/2022\/04\/BODY-CLINIC-18-380x97.png 380w\" sizes=\"(max-width: 1024px) 100vw, 1024px\" \/><\/figure>\n<\/div><\/div><\/div><\/div>\n<\/div><\/div>\n","protected":false},"excerpt":{"rendered":"<p>Hoy en d\u00eda pocas cosas son imposibles y si los \u00e1rboles pueden volver a florecer, todos aquellos que sufren de alopecia pueden volver a tener pelo tambi\u00e9n. La alopecia es [&hellip;]<\/p>\n","protected":false},"author":1,"featured_media":0,"parent":0,"menu_order":0,"comment_status":"closed","ping_status":"closed","template":"","meta":{"footnotes":""},"class_list":["post-639","page","type-page","status-publish","hentry"],"_links":{"self":[{"href":"https:\/\/www.bodyclinic.cl\/index.php?rest_route=\/wp\/v2\/pages\/639","targetHints":{"allow":["GET"]}}],"collection":[{"href":"https:\/\/www.bodyclinic.cl\/index.php?rest_route=\/wp\/v2\/pages"}],"about":[{"href":"https:\/\/www.bodyclinic.cl\/index.php?rest_route=\/wp\/v2\/types\/page"}],"author":[{"embeddable":true,"href":"https:\/\/www.bodyclinic.cl\/index.php?rest_route=\/wp\/v2\/users\/1"}],"replies":[{"embeddable":true,"href":"https:\/\/www.bodyclinic.cl\/index.php?rest_route=%2Fwp%2Fv2%2Fcomments&post=639"}],"version-history":[{"count":11,"href":"https:\/\/www.bodyclinic.cl\/index.php?rest_route=\/wp\/v2\/pages\/639\/revisions"}],"predecessor-version":[{"id":1155,"href":"https:\/\/www.bodyclinic.cl\/index.php?rest_route=\/wp\/v2\/pages\/639\/revisions\/1155"}],"wp:attachment":[{"href":"https:\/\/www.bodyclinic.cl\/index.php?rest_route=%2Fwp%2Fv2%2Fmedia&parent=639"}],"curies":[{"name":"wp","href":"https:\/\/api.w.org\/{rel}","templated":true}]}}