{"id":625,"date":"2022-05-02T18:54:33","date_gmt":"2022-05-02T18:54:33","guid":{"rendered":"https:\/\/www.bodyclinic.cl\/?page_id=625"},"modified":"2023-11-09T18:50:42","modified_gmt":"2023-11-09T18:50:42","slug":"625-2","status":"publish","type":"page","link":"https:\/\/www.bodyclinic.cl\/?page_id=625","title":{"rendered":"Tratamientos Faciales"},"content":{"rendered":"\n<figure class=\"wp-block-image size-large is-style-default\"><img fetchpriority=\"high\" decoding=\"async\" width=\"1024\" height=\"297\" src=\"https:\/\/www.bodyclinic.cl\/wp-content\/uploads\/2022\/05\/fac-1024x297.jpg\" alt=\"\" class=\"wp-image-626\" srcset=\"https:\/\/www.bodyclinic.cl\/wp-content\/uploads\/2022\/05\/fac-1024x297.jpg 1024w, https:\/\/www.bodyclinic.cl\/wp-content\/uploads\/2022\/05\/fac-300x87.jpg 300w, https:\/\/www.bodyclinic.cl\/wp-content\/uploads\/2022\/05\/fac-768x223.jpg 768w, https:\/\/www.bodyclinic.cl\/wp-content\/uploads\/2022\/05\/fac-1536x446.jpg 1536w, https:\/\/www.bodyclinic.cl\/wp-content\/uploads\/2022\/05\/fac-2048x595.jpg 2048w, https:\/\/www.bodyclinic.cl\/wp-content\/uploads\/2022\/05\/fac-1140x331.jpg 1140w, https:\/\/www.bodyclinic.cl\/wp-content\/uploads\/2022\/05\/fac-920x267.jpg 920w, https:\/\/www.bodyclinic.cl\/wp-content\/uploads\/2022\/05\/fac-575x167.jpg 575w, https:\/\/www.bodyclinic.cl\/wp-content\/uploads\/2022\/05\/fac-380x110.jpg 380w, https:\/\/www.bodyclinic.cl\/wp-content\/uploads\/2022\/05\/fac-420x122.jpg 420w, https:\/\/www.bodyclinic.cl\/wp-content\/uploads\/2022\/05\/fac-800x232.jpg 800w\" sizes=\"(max-width: 1024px) 100vw, 1024px\" \/><\/figure>\n\n\n\n<p>El cutis es la zona del cuerpo que se encuentra mayormente expuesta a los rayos solares, cambios de temperatura y a diferentes factores que se encuentran contenidos en la contaminaci\u00f3n, por esta raz\u00f3n a medida que la piel envejece va perdiendo su tonalidad y brillo natural, por lo que empiezan a aparecer con m\u00e1s facilidad algunas arrugas, manchas y flacidez en la piel. Los tratamientos faciales ayudan a detener el tiempo y corregir estas imperfecciones para lucir radiante.<\/p>\n\n\n\n<div class=\"wp-block-group alignfull\"><div class=\"wp-block-group__inner-container is-layout-flow wp-block-group-is-layout-flow\">\n<div id=\"athemes-blocks-block-3e9bcba0\" class=\"wp-block-athemes-athemes-blocks-block-container athemes-blocks-block athemes-blocks-block-3e9bcba0 athemes-blocks-block-container alignfull\"><div class=\"athemes-blocks-block-container-wrapper athemes-blocks-block-container-bg-cover athemes-blocks-block-container-bg-effect-scroll\"><div class=\"athemes-blocks-block-container-wrapper-content\">\n<div class=\"wp-block-media-text alignwide is-stacked-on-mobile\"><figure class=\"wp-block-media-text__media\"><img decoding=\"async\" width=\"1024\" height=\"261\" src=\"https:\/\/www.bodyclinic.cl\/wp-content\/uploads\/2022\/04\/BODY-CLINIC-18-1024x261.png\" alt=\"\" class=\"wp-image-404 size-full\" srcset=\"https:\/\/www.bodyclinic.cl\/wp-content\/uploads\/2022\/04\/BODY-CLINIC-18-1024x261.png 1024w, https:\/\/www.bodyclinic.cl\/wp-content\/uploads\/2022\/04\/BODY-CLINIC-18-420x107.png 420w, https:\/\/www.bodyclinic.cl\/wp-content\/uploads\/2022\/04\/BODY-CLINIC-18-800x204.png 800w, https:\/\/www.bodyclinic.cl\/wp-content\/uploads\/2022\/04\/BODY-CLINIC-18-300x77.png 300w, https:\/\/www.bodyclinic.cl\/wp-content\/uploads\/2022\/04\/BODY-CLINIC-18-768x196.png 768w, https:\/\/www.bodyclinic.cl\/wp-content\/uploads\/2022\/04\/BODY-CLINIC-18-1536x392.png 1536w, https:\/\/www.bodyclinic.cl\/wp-content\/uploads\/2022\/04\/BODY-CLINIC-18-2048x523.png 2048w, https:\/\/www.bodyclinic.cl\/wp-content\/uploads\/2022\/04\/BODY-CLINIC-18-1140x291.png 1140w, https:\/\/www.bodyclinic.cl\/wp-content\/uploads\/2022\/04\/BODY-CLINIC-18-920x235.png 920w, https:\/\/www.bodyclinic.cl\/wp-content\/uploads\/2022\/04\/BODY-CLINIC-18-575x147.png 575w, https:\/\/www.bodyclinic.cl\/wp-content\/uploads\/2022\/04\/BODY-CLINIC-18-380x97.png 380w\" sizes=\"(max-width: 1024px) 100vw, 1024px\" \/><\/figure><div class=\"wp-block-media-text__content\">\n<p class=\"has-background has-larger-font-size\" style=\"background-color:#cbcbcb\"><strong>Manchas<\/strong><\/p>\n\n\n\n<p><strong>Microdermoabrasi\u00f3n&nbsp;<\/strong><\/p>\n\n\n\n<ol class=\"wp-block-list\">\n<li>facial + limpieza facial profunda <strong>$ 49.990&nbsp;<\/strong><\/li>\n<\/ol>\n\n\n\n<p><strong>Peeling&nbsp;&nbsp;<\/strong><\/p>\n\n\n\n<ol class=\"wp-block-list\">\n<li>Peeling facial <strong>$ 98.000&nbsp;&nbsp;<\/strong><\/li>\n<\/ol>\n\n\n\n<ol class=\"wp-block-list\" start=\"2\">\n<li>Peeling peri orbicular <strong>$ 98.000&nbsp;&nbsp;<\/strong><\/li>\n<\/ol>\n\n\n\n<ol class=\"wp-block-list\" start=\"3\">\n<li>Peeling facial + mesoterapia <strong>$ 196.000&nbsp;&nbsp;<\/strong><\/li>\n<\/ol>\n\n\n\n<ol class=\"wp-block-list\" start=\"4\">\n<li>Peeling abdominal <strong>$ 336.000&nbsp;<\/strong><\/li>\n<\/ol>\n<\/div><\/div>\n<\/div><\/div><\/div>\n\n\n\n<div id=\"athemes-blocks-block-757aec10\" class=\"wp-block-athemes-athemes-blocks-block-container athemes-blocks-block athemes-blocks-block-757aec10 athemes-blocks-block-container alignfull\"><div class=\"athemes-blocks-block-container-wrapper athemes-blocks-block-container-bg-cover athemes-blocks-block-container-bg-effect-scroll\"><div class=\"athemes-blocks-block-container-wrapper-content\">\n<div class=\"wp-block-media-text alignwide is-stacked-on-mobile\"><figure class=\"wp-block-media-text__media\"><img decoding=\"async\" width=\"1024\" height=\"261\" src=\"https:\/\/www.bodyclinic.cl\/wp-content\/uploads\/2022\/04\/BODY-CLINIC-18-1024x261.png\" alt=\"\" class=\"wp-image-404 size-full\" srcset=\"https:\/\/www.bodyclinic.cl\/wp-content\/uploads\/2022\/04\/BODY-CLINIC-18-1024x261.png 1024w, https:\/\/www.bodyclinic.cl\/wp-content\/uploads\/2022\/04\/BODY-CLINIC-18-420x107.png 420w, https:\/\/www.bodyclinic.cl\/wp-content\/uploads\/2022\/04\/BODY-CLINIC-18-800x204.png 800w, https:\/\/www.bodyclinic.cl\/wp-content\/uploads\/2022\/04\/BODY-CLINIC-18-300x77.png 300w, https:\/\/www.bodyclinic.cl\/wp-content\/uploads\/2022\/04\/BODY-CLINIC-18-768x196.png 768w, https:\/\/www.bodyclinic.cl\/wp-content\/uploads\/2022\/04\/BODY-CLINIC-18-1536x392.png 1536w, https:\/\/www.bodyclinic.cl\/wp-content\/uploads\/2022\/04\/BODY-CLINIC-18-2048x523.png 2048w, https:\/\/www.bodyclinic.cl\/wp-content\/uploads\/2022\/04\/BODY-CLINIC-18-1140x291.png 1140w, https:\/\/www.bodyclinic.cl\/wp-content\/uploads\/2022\/04\/BODY-CLINIC-18-920x235.png 920w, https:\/\/www.bodyclinic.cl\/wp-content\/uploads\/2022\/04\/BODY-CLINIC-18-575x147.png 575w, https:\/\/www.bodyclinic.cl\/wp-content\/uploads\/2022\/04\/BODY-CLINIC-18-380x97.png 380w\" sizes=\"(max-width: 1024px) 100vw, 1024px\" \/><\/figure><div class=\"wp-block-media-text__content\">\n<p class=\"has-background has-larger-font-size\" style=\"background-color:#cbcbcb\"><strong>Acn\u00e9<\/strong>&nbsp;<\/p>\n\n\n\n<ol class=\"wp-block-list\">\n<li>Microdermoabrasi\u00f3n facial + limpieza facial profunda $49.990&nbsp;<\/li>\n<\/ol>\n\n\n\n<p><strong>Peeling<\/strong><\/p>\n\n\n\n<ol class=\"wp-block-list\">\n<li>Peeling facial <strong>$ 98.000&nbsp;&nbsp;<\/strong><\/li>\n<\/ol>\n\n\n\n<ol class=\"wp-block-list\" start=\"2\">\n<li>Peeling peri orbicular <strong>$ 98.000&nbsp;&nbsp;<\/strong><\/li>\n<\/ol>\n\n\n\n<ol class=\"wp-block-list\" start=\"3\">\n<li>Peeling facial + mesoterapia <strong>$ 196.000&nbsp;&nbsp;<\/strong><\/li>\n<\/ol>\n\n\n\n<ol class=\"wp-block-list\" start=\"4\">\n<li>Peeling abdominal <strong>$ 336.000&nbsp;<\/strong><\/li>\n<\/ol>\n\n\n\n<p><strong>Radiofrecuencia<\/strong><\/p>\n\n\n\n<ol class=\"wp-block-list\">\n<li>Lifting facial (radio frecuencia) pack x 1 <strong>$31.493&nbsp;<\/strong>&nbsp;<\/li>\n<\/ol>\n\n\n\n<ol class=\"wp-block-list\" start=\"2\">\n<li>Lifting facial (radio frecuencia) pack x 3 <strong>$83.993&nbsp;<\/strong>&nbsp;<\/li>\n<\/ol>\n\n\n\n<ol class=\"wp-block-list\" start=\"3\">\n<li>Lifting facial (radio frecuencia) pack x 6 <strong>$174.993<\/strong>&nbsp;&nbsp;<\/li>\n<\/ol>\n\n\n\n<ol class=\"wp-block-list\" start=\"4\">\n<li>Lifting facial (radio frecuencia) pack x 12 <strong>$358.393&nbsp;<\/strong>&nbsp;<\/li>\n<\/ol>\n\n\n\n<p><strong>Limpieza facial profunda<\/strong><\/p>\n\n\n\n<ol class=\"wp-block-list\">\n<li>Limpieza facial profunda + Microdermoabrasi\u00f3n  <strong>$49.990&nbsp;&nbsp;<\/strong><\/li>\n<\/ol>\n\n\n\n<ol class=\"wp-block-list\" start=\"2\">\n<li>Limpieza facial profunda + hidrataci\u00f3n con col\u00e1geno             $ <strong>49.990<\/strong><\/li>\n<\/ol>\n\n\n\n<ol class=\"wp-block-list\" start=\"3\">\n<li>Limpieza facial + mesoterapia <strong>$119.990&nbsp;<\/strong><\/li>\n<\/ol>\n\n\n\n<p><strong>Plasma rico en plaquetas&nbsp;<\/strong><\/p>\n\n\n\n<ol class=\"wp-block-list\">\n<li>Sesi\u00f3n de limpieza facial + plasma rico en plaquetas <strong>$89.990&nbsp;&nbsp;<\/strong><\/li>\n<\/ol>\n<\/div><\/div>\n\n\n\n<p><\/p>\n\n\n\n<p><\/p>\n<\/div><\/div><\/div>\n\n\n\n<div id=\"athemes-blocks-block-7997e162\" class=\"wp-block-athemes-athemes-blocks-block-container athemes-blocks-block athemes-blocks-block-7997e162 athemes-blocks-block-container alignfull\"><div class=\"athemes-blocks-block-container-wrapper athemes-blocks-block-container-bg-cover athemes-blocks-block-container-bg-effect-scroll\"><div class=\"athemes-blocks-block-container-wrapper-content\">\n<div class=\"wp-block-media-text alignwide is-stacked-on-mobile\"><figure class=\"wp-block-media-text__media\"><img decoding=\"async\" width=\"1024\" height=\"261\" src=\"https:\/\/www.bodyclinic.cl\/wp-content\/uploads\/2022\/04\/BODY-CLINIC-18-1024x261.png\" alt=\"\" class=\"wp-image-404 size-full\" srcset=\"https:\/\/www.bodyclinic.cl\/wp-content\/uploads\/2022\/04\/BODY-CLINIC-18-1024x261.png 1024w, https:\/\/www.bodyclinic.cl\/wp-content\/uploads\/2022\/04\/BODY-CLINIC-18-420x107.png 420w, https:\/\/www.bodyclinic.cl\/wp-content\/uploads\/2022\/04\/BODY-CLINIC-18-800x204.png 800w, https:\/\/www.bodyclinic.cl\/wp-content\/uploads\/2022\/04\/BODY-CLINIC-18-300x77.png 300w, https:\/\/www.bodyclinic.cl\/wp-content\/uploads\/2022\/04\/BODY-CLINIC-18-768x196.png 768w, https:\/\/www.bodyclinic.cl\/wp-content\/uploads\/2022\/04\/BODY-CLINIC-18-1536x392.png 1536w, https:\/\/www.bodyclinic.cl\/wp-content\/uploads\/2022\/04\/BODY-CLINIC-18-2048x523.png 2048w, https:\/\/www.bodyclinic.cl\/wp-content\/uploads\/2022\/04\/BODY-CLINIC-18-1140x291.png 1140w, https:\/\/www.bodyclinic.cl\/wp-content\/uploads\/2022\/04\/BODY-CLINIC-18-920x235.png 920w, https:\/\/www.bodyclinic.cl\/wp-content\/uploads\/2022\/04\/BODY-CLINIC-18-575x147.png 575w, https:\/\/www.bodyclinic.cl\/wp-content\/uploads\/2022\/04\/BODY-CLINIC-18-380x97.png 380w\" sizes=\"(max-width: 1024px) 100vw, 1024px\" \/><\/figure><div class=\"wp-block-media-text__content\">\n<p class=\"has-background has-larger-font-size\" style=\"background-color:#cecece\"><strong>Rejuvenecimiento<\/strong>&nbsp;<\/p>\n\n\n\n<p><strong>Toxina&nbsp;B facial&nbsp;&nbsp;<\/strong><\/p>\n\n\n\n<ol class=\"wp-block-list\">\n<li>Toxina\u00a0B una zona <strong>$89.990 \u00a0\u00a0<\/strong><\/li>\n<\/ol>\n\n\n\n<ol class=\"wp-block-list\" start=\"2\">\n<li>Toxina\u00a0B dos zonas <strong>$178.990\u00a0\u00a0<\/strong><\/li>\n<\/ol>\n\n\n\n<ol class=\"wp-block-list\" start=\"3\">\n<li>Toxina\u00a0B tres zonas + (Regalo Hialurox) <strong>$ 231.990 \u00a0<\/strong>\u00a0<\/li>\n<\/ol>\n\n\n\n<ol class=\"wp-block-list\" start=\"4\">\n<li>Toxina\u00a0B cuatro zonas + (Regalo Hialurox) <strong>$359.990 \u00a0<\/strong><\/li>\n<\/ol>\n\n\n\n<p><strong>\u00c1cido hialur\u00f3nico&nbsp;<\/strong><\/p>\n\n\n\n<ol class=\"wp-block-list\">\n<li>Una ampolla revitalizante facial surcos y arrugas <strong>$231.990 \u00a0<\/strong><\/li>\n<\/ol>\n\n\n\n<ol class=\"wp-block-list\" start=\"2\">\n<li>2 ampollas revitalizantes facial, surcos y arrugas <strong>$ 460.980\u00a0<\/strong><\/li>\n<\/ol>\n\n\n\n<p><strong>Hilos tensores&nbsp;<\/strong><\/p>\n\n\n\n<ol class=\"wp-block-list\">\n<li>Hilos tensores y revitalizantes PDO                       (Tratamiento completo x 10 unidades) <strong>$ 449.990&nbsp;<\/strong><\/li>\n<\/ol>\n\n\n\n<p><strong>Lifting facial&nbsp;<\/strong><\/p>\n\n\n\n<ol class=\"wp-block-list\">\n<li>Lifting facial (radio frecuencia) pack x 1 <strong>$31.493&nbsp;<\/strong>&nbsp;<\/li>\n<\/ol>\n\n\n\n<ol class=\"wp-block-list\" start=\"2\">\n<li>Lifting facial (radio frecuencia) pack x 3 <strong>$83.993<\/strong>&nbsp;&nbsp;<\/li>\n<\/ol>\n\n\n\n<ol class=\"wp-block-list\" start=\"3\">\n<li>Lifting facial (radio frecuencia) pack x 6 <strong>$174.993<\/strong>&nbsp;&nbsp;<\/li>\n<\/ol>\n\n\n\n<ol class=\"wp-block-list\" start=\"4\">\n<li>Lifting facial (radio frecuencia) pack x 12 <strong>$358.393&nbsp;<\/strong><\/li>\n<\/ol>\n\n\n\n<p><strong>Peeling<\/strong><\/p>\n\n\n\n<ol class=\"wp-block-list\">\n<li>Peeling facial <strong>$ 98.000&nbsp;&nbsp;<\/strong><\/li>\n<\/ol>\n\n\n\n<ol class=\"wp-block-list\" start=\"2\">\n<li>Peeling peri orbicular <strong>$ 98.000&nbsp;&nbsp;<\/strong><\/li>\n<\/ol>\n\n\n\n<ol class=\"wp-block-list\" start=\"3\">\n<li>Peeling facial + mesoterapia <strong>$ 196.000&nbsp;&nbsp;<\/strong><\/li>\n<\/ol>\n\n\n\n<ol class=\"wp-block-list\" start=\"4\">\n<li>Peeling abdominal <strong>$ 336.000&nbsp;<\/strong><\/li>\n<\/ol>\n\n\n\n<p><strong>Laser frio \u2013 hiarulox&nbsp;<\/strong><\/p>\n\n\n\n<ol class=\"wp-block-list\">\n<li>Lifting facial (laser diodo frio) pack x 1 <strong>$31.493&nbsp;&nbsp;<\/strong><\/li>\n<\/ol>\n\n\n\n<ol class=\"wp-block-list\" start=\"2\">\n<li>Lifting facial (laser diodo frio) pack x 3 <strong>$83.993&nbsp;<\/strong>&nbsp;<\/li>\n<\/ol>\n\n\n\n<ol class=\"wp-block-list\" start=\"3\">\n<li>Lifting facial (laser diodo frio) pack x 6 <strong>$174.993&nbsp;<\/strong>&nbsp;<\/li>\n<\/ol>\n\n\n\n<ol class=\"wp-block-list\" start=\"4\">\n<li>Lifting facial (laser diodo frio) pack x 12 <strong>$358.393&nbsp;<\/strong><\/li>\n<\/ol>\n\n\n\n<ol class=\"wp-block-list\">\n<li><\/li>\n<\/ol>\n\n\n\n<p><strong>Microdermoabrasi\u00f3n&nbsp;&nbsp;<\/strong><\/p>\n\n\n\n<ol class=\"wp-block-list\">\n<li>Microdermoabrasi\u00f3n facial + limpieza facial profunda <strong>$49.990&nbsp;<\/strong><\/li>\n<\/ol>\n\n\n\n<p><strong>Mesoterapia&nbsp;<\/strong><\/p>\n\n\n\n<ol class=\"wp-block-list\">\n<li>Limpieza facial + aplicaci\u00f3n de principio activo facial ampolla por DermaPen, NAPPAGE o p\u00e1pula subcut\u00e1nea <strong>$70.990&nbsp;&nbsp;<\/strong><\/li>\n<\/ol>\n<\/div><\/div>\n\n\n\n<p><\/p>\n\n\n\n<p><\/p>\n<\/div><\/div><\/div>\n\n\n\n<div id=\"athemes-blocks-block-4e14ab50\" class=\"wp-block-athemes-athemes-blocks-block-container athemes-blocks-block athemes-blocks-block-4e14ab50 athemes-blocks-block-container alignfull\"><div class=\"athemes-blocks-block-container-wrapper athemes-blocks-block-container-bg-cover athemes-blocks-block-container-bg-effect-scroll\"><div class=\"athemes-blocks-block-container-wrapper-content\">\n<div class=\"wp-block-media-text alignwide is-stacked-on-mobile\"><figure class=\"wp-block-media-text__media\"><img decoding=\"async\" width=\"1024\" height=\"261\" src=\"https:\/\/www.bodyclinic.cl\/wp-content\/uploads\/2022\/04\/BODY-CLINIC-18-1024x261.png\" alt=\"\" class=\"wp-image-404 size-full\" srcset=\"https:\/\/www.bodyclinic.cl\/wp-content\/uploads\/2022\/04\/BODY-CLINIC-18-1024x261.png 1024w, https:\/\/www.bodyclinic.cl\/wp-content\/uploads\/2022\/04\/BODY-CLINIC-18-420x107.png 420w, https:\/\/www.bodyclinic.cl\/wp-content\/uploads\/2022\/04\/BODY-CLINIC-18-800x204.png 800w, https:\/\/www.bodyclinic.cl\/wp-content\/uploads\/2022\/04\/BODY-CLINIC-18-300x77.png 300w, https:\/\/www.bodyclinic.cl\/wp-content\/uploads\/2022\/04\/BODY-CLINIC-18-768x196.png 768w, https:\/\/www.bodyclinic.cl\/wp-content\/uploads\/2022\/04\/BODY-CLINIC-18-1536x392.png 1536w, https:\/\/www.bodyclinic.cl\/wp-content\/uploads\/2022\/04\/BODY-CLINIC-18-2048x523.png 2048w, https:\/\/www.bodyclinic.cl\/wp-content\/uploads\/2022\/04\/BODY-CLINIC-18-1140x291.png 1140w, https:\/\/www.bodyclinic.cl\/wp-content\/uploads\/2022\/04\/BODY-CLINIC-18-920x235.png 920w, https:\/\/www.bodyclinic.cl\/wp-content\/uploads\/2022\/04\/BODY-CLINIC-18-575x147.png 575w, https:\/\/www.bodyclinic.cl\/wp-content\/uploads\/2022\/04\/BODY-CLINIC-18-380x97.png 380w\" sizes=\"(max-width: 1024px) 100vw, 1024px\" \/><\/figure><div class=\"wp-block-media-text__content\">\n<p class=\"has-larger-font-size\"><strong><strong>Rinomodelaci\u00f3n<\/strong><\/strong><\/p>\n\n\n\n<p><strong>$275.990<\/strong><\/p>\n\n\n\n<p class=\"has-larger-font-size\"><strong>Rinolift<\/strong><\/p>\n\n\n\n<p><strong>$295.990<\/strong><\/p>\n<\/div><\/div>\n\n\n\n<p><\/p>\n<\/div><\/div><\/div>\n<\/div><\/div>\n","protected":false},"excerpt":{"rendered":"<p>El cutis es la zona del cuerpo que se encuentra mayormente expuesta a los rayos solares, cambios de temperatura y a diferentes factores que se encuentran contenidos en la contaminaci\u00f3n, [&hellip;]<\/p>\n","protected":false},"author":1,"featured_media":0,"parent":0,"menu_order":0,"comment_status":"closed","ping_status":"closed","template":"","meta":{"footnotes":""},"class_list":["post-625","page","type-page","status-publish","hentry"],"_links":{"self":[{"href":"https:\/\/www.bodyclinic.cl\/index.php?rest_route=\/wp\/v2\/pages\/625","targetHints":{"allow":["GET"]}}],"collection":[{"href":"https:\/\/www.bodyclinic.cl\/index.php?rest_route=\/wp\/v2\/pages"}],"about":[{"href":"https:\/\/www.bodyclinic.cl\/index.php?rest_route=\/wp\/v2\/types\/page"}],"author":[{"embeddable":true,"href":"https:\/\/www.bodyclinic.cl\/index.php?rest_route=\/wp\/v2\/users\/1"}],"replies":[{"embeddable":true,"href":"https:\/\/www.bodyclinic.cl\/index.php?rest_route=%2Fwp%2Fv2%2Fcomments&post=625"}],"version-history":[{"count":30,"href":"https:\/\/www.bodyclinic.cl\/index.php?rest_route=\/wp\/v2\/pages\/625\/revisions"}],"predecessor-version":[{"id":1158,"href":"https:\/\/www.bodyclinic.cl\/index.php?rest_route=\/wp\/v2\/pages\/625\/revisions\/1158"}],"wp:attachment":[{"href":"https:\/\/www.bodyclinic.cl\/index.php?rest_route=%2Fwp%2Fv2%2Fmedia&parent=625"}],"curies":[{"name":"wp","href":"https:\/\/api.w.org\/{rel}","templated":true}]}}