{"id":574,"date":"2022-04-29T18:54:33","date_gmt":"2022-04-29T18:54:33","guid":{"rendered":"https:\/\/www.bodyclinic.cl\/?page_id=574"},"modified":"2023-05-04T15:46:43","modified_gmt":"2023-05-04T15:46:43","slug":"tratamiento-corporal","status":"publish","type":"page","link":"https:\/\/www.bodyclinic.cl\/?page_id=574","title":{"rendered":"Tratamientos Corporales"},"content":{"rendered":"\n<div class=\"wp-block-group alignfull\"><div class=\"wp-block-group__inner-container is-layout-flow wp-block-group-is-layout-flow\">\n<div class=\"wp-block-columns is-layout-flex wp-container-core-columns-is-layout-9d6595d7 wp-block-columns-is-layout-flex\">\n<div class=\"wp-block-column is-layout-flow wp-block-column-is-layout-flow\" style=\"flex-basis:100%\"><div class=\"wp-block-image is-style-default\">\n<figure class=\"aligncenter size-large\"><img fetchpriority=\"high\" decoding=\"async\" width=\"1024\" height=\"131\" src=\"https:\/\/www.bodyclinic.cl\/wp-content\/uploads\/2022\/05\/Mesa-de-trabajo-1-5-1024x131.png\" alt=\"\" class=\"wp-image-616\" srcset=\"https:\/\/www.bodyclinic.cl\/wp-content\/uploads\/2022\/05\/Mesa-de-trabajo-1-5-1024x131.png 1024w, https:\/\/www.bodyclinic.cl\/wp-content\/uploads\/2022\/05\/Mesa-de-trabajo-1-5-300x38.png 300w, https:\/\/www.bodyclinic.cl\/wp-content\/uploads\/2022\/05\/Mesa-de-trabajo-1-5-768x98.png 768w, https:\/\/www.bodyclinic.cl\/wp-content\/uploads\/2022\/05\/Mesa-de-trabajo-1-5-920x118.png 920w, https:\/\/www.bodyclinic.cl\/wp-content\/uploads\/2022\/05\/Mesa-de-trabajo-1-5-575x74.png 575w, https:\/\/www.bodyclinic.cl\/wp-content\/uploads\/2022\/05\/Mesa-de-trabajo-1-5-380x49.png 380w, https:\/\/www.bodyclinic.cl\/wp-content\/uploads\/2022\/05\/Mesa-de-trabajo-1-5-420x54.png 420w, https:\/\/www.bodyclinic.cl\/wp-content\/uploads\/2022\/05\/Mesa-de-trabajo-1-5-800x103.png 800w, https:\/\/www.bodyclinic.cl\/wp-content\/uploads\/2022\/05\/Mesa-de-trabajo-1-5.png 1030w\" sizes=\"(max-width: 1024px) 100vw, 1024px\" \/><\/figure>\n<\/div><\/div>\n<\/div>\n<\/div><\/div>\n\n\n\n<p>Los tratamientos corporales son una manera de cuidar tu cuerpo sin cirug\u00eda. Generalmente se opta por esta opci\u00f3n para mejorar la silueta o tratar los problemas de sudoraci\u00f3n, celulitis, adiposidad localizada y flacidez, aunque tambi\u00e9n son la mejor manera de liberar al cuerpo del estr\u00e9s. Al igual que el rostro, nuestro cuerpo tambi\u00e9n se merece ciertos cuidados. Existen numerosos tipos de tratamientos en funci\u00f3n de lo que se quiera cuidar o mejorar.<\/p>\n\n\n\n<div class=\"wp-block-media-text alignwide is-stacked-on-mobile has-palette-1-color-5-background-color has-background\"><figure class=\"wp-block-media-text__media\"><img decoding=\"async\" width=\"300\" height=\"77\" src=\"https:\/\/www.bodyclinic.cl\/wp-content\/uploads\/2022\/05\/BODY-CLINIC-18-300x77.png\" alt=\"\" class=\"wp-image-727 size-medium\" srcset=\"https:\/\/www.bodyclinic.cl\/wp-content\/uploads\/2022\/05\/BODY-CLINIC-18-300x77.png 300w, https:\/\/www.bodyclinic.cl\/wp-content\/uploads\/2022\/05\/BODY-CLINIC-18-1024x261.png 1024w, https:\/\/www.bodyclinic.cl\/wp-content\/uploads\/2022\/05\/BODY-CLINIC-18-768x196.png 768w, https:\/\/www.bodyclinic.cl\/wp-content\/uploads\/2022\/05\/BODY-CLINIC-18-1536x392.png 1536w, https:\/\/www.bodyclinic.cl\/wp-content\/uploads\/2022\/05\/BODY-CLINIC-18-2048x523.png 2048w, https:\/\/www.bodyclinic.cl\/wp-content\/uploads\/2022\/05\/BODY-CLINIC-18-1140x291.png 1140w, https:\/\/www.bodyclinic.cl\/wp-content\/uploads\/2022\/05\/BODY-CLINIC-18-920x235.png 920w, https:\/\/www.bodyclinic.cl\/wp-content\/uploads\/2022\/05\/BODY-CLINIC-18-575x147.png 575w, https:\/\/www.bodyclinic.cl\/wp-content\/uploads\/2022\/05\/BODY-CLINIC-18-380x97.png 380w, https:\/\/www.bodyclinic.cl\/wp-content\/uploads\/2022\/05\/BODY-CLINIC-18-420x107.png 420w, https:\/\/www.bodyclinic.cl\/wp-content\/uploads\/2022\/05\/BODY-CLINIC-18-800x204.png 800w\" sizes=\"(max-width: 300px) 100vw, 300px\" \/><\/figure><div class=\"wp-block-media-text__content\">\n<p class=\"has-large-font-size\"><strong><strong>Sudoraci\u00f3n excesiva (hiperhidrosis)<\/strong><\/strong><\/p>\n\n\n\n<p class=\"has-large-font-size\"><strong>Toxina\u00a0B corporal\u00a0<\/strong><\/p>\n\n\n\n<ol class=\"wp-block-list\">\n<li>Toxina\u00a0B manos <strong>$175.000\u00a0<\/strong>\u00a0<\/li>\n<\/ol>\n\n\n\n<ol class=\"wp-block-list\" start=\"2\">\n<li>Toxina\u00a0B pies $<strong>175.000\u00a0\u00a0<\/strong><\/li>\n<\/ol>\n\n\n\n<ol class=\"wp-block-list\" start=\"3\">\n<li>Toxina\u00a0B axilas <strong>$175.000\u00a0\u00a0<\/strong><\/li>\n<\/ol>\n\n\n\n<ol class=\"wp-block-list\" start=\"4\">\n<li>Toxina\u00a0B manos y pies <strong>$350.000\u00a0\u00a0<\/strong><\/li>\n<\/ol>\n\n\n\n<ol class=\"wp-block-list\" start=\"5\">\n<li>Toxina\u00a0B manos, pies y axilas <strong>$525.000<\/strong><\/li>\n<\/ol>\n<\/div><\/div>\n\n\n\n<div class=\"wp-block-media-text alignwide has-media-on-the-right is-stacked-on-mobile has-palette-1-color-6-background-color has-background\"><div class=\"wp-block-media-text__content\">\n<p class=\"has-large-font-size\"><strong><strong><strong>Marcaci\u00f3n<\/strong><\/strong><\/strong><\/p>\n\n\n\n<p class=\"has-large-font-size\">Hilos tensores hilos tensores y revitalizantes PDO (Tratamiento completo x 10 unidades) <strong>$ 449.990&nbsp;<\/strong><\/p>\n<\/div><figure class=\"wp-block-media-text__media\"><img decoding=\"async\" width=\"300\" height=\"77\" src=\"https:\/\/www.bodyclinic.cl\/wp-content\/uploads\/2022\/05\/BODY-CLINIC-18-300x77.png\" alt=\"\" class=\"wp-image-727 size-medium\" srcset=\"https:\/\/www.bodyclinic.cl\/wp-content\/uploads\/2022\/05\/BODY-CLINIC-18-300x77.png 300w, https:\/\/www.bodyclinic.cl\/wp-content\/uploads\/2022\/05\/BODY-CLINIC-18-1024x261.png 1024w, https:\/\/www.bodyclinic.cl\/wp-content\/uploads\/2022\/05\/BODY-CLINIC-18-768x196.png 768w, https:\/\/www.bodyclinic.cl\/wp-content\/uploads\/2022\/05\/BODY-CLINIC-18-1536x392.png 1536w, https:\/\/www.bodyclinic.cl\/wp-content\/uploads\/2022\/05\/BODY-CLINIC-18-2048x523.png 2048w, https:\/\/www.bodyclinic.cl\/wp-content\/uploads\/2022\/05\/BODY-CLINIC-18-1140x291.png 1140w, https:\/\/www.bodyclinic.cl\/wp-content\/uploads\/2022\/05\/BODY-CLINIC-18-920x235.png 920w, https:\/\/www.bodyclinic.cl\/wp-content\/uploads\/2022\/05\/BODY-CLINIC-18-575x147.png 575w, https:\/\/www.bodyclinic.cl\/wp-content\/uploads\/2022\/05\/BODY-CLINIC-18-380x97.png 380w, https:\/\/www.bodyclinic.cl\/wp-content\/uploads\/2022\/05\/BODY-CLINIC-18-420x107.png 420w, https:\/\/www.bodyclinic.cl\/wp-content\/uploads\/2022\/05\/BODY-CLINIC-18-800x204.png 800w\" sizes=\"(max-width: 300px) 100vw, 300px\" \/><\/figure><\/div>\n\n\n\n<div class=\"wp-block-media-text alignwide is-stacked-on-mobile has-palette-1-color-5-background-color has-background\"><figure class=\"wp-block-media-text__media\"><img decoding=\"async\" width=\"300\" height=\"77\" src=\"https:\/\/www.bodyclinic.cl\/wp-content\/uploads\/2022\/05\/BODY-CLINIC-18-300x77.png\" alt=\"\" class=\"wp-image-727 size-medium\" srcset=\"https:\/\/www.bodyclinic.cl\/wp-content\/uploads\/2022\/05\/BODY-CLINIC-18-300x77.png 300w, https:\/\/www.bodyclinic.cl\/wp-content\/uploads\/2022\/05\/BODY-CLINIC-18-1024x261.png 1024w, https:\/\/www.bodyclinic.cl\/wp-content\/uploads\/2022\/05\/BODY-CLINIC-18-768x196.png 768w, https:\/\/www.bodyclinic.cl\/wp-content\/uploads\/2022\/05\/BODY-CLINIC-18-1536x392.png 1536w, https:\/\/www.bodyclinic.cl\/wp-content\/uploads\/2022\/05\/BODY-CLINIC-18-2048x523.png 2048w, https:\/\/www.bodyclinic.cl\/wp-content\/uploads\/2022\/05\/BODY-CLINIC-18-1140x291.png 1140w, https:\/\/www.bodyclinic.cl\/wp-content\/uploads\/2022\/05\/BODY-CLINIC-18-920x235.png 920w, https:\/\/www.bodyclinic.cl\/wp-content\/uploads\/2022\/05\/BODY-CLINIC-18-575x147.png 575w, https:\/\/www.bodyclinic.cl\/wp-content\/uploads\/2022\/05\/BODY-CLINIC-18-380x97.png 380w, https:\/\/www.bodyclinic.cl\/wp-content\/uploads\/2022\/05\/BODY-CLINIC-18-420x107.png 420w, https:\/\/www.bodyclinic.cl\/wp-content\/uploads\/2022\/05\/BODY-CLINIC-18-800x204.png 800w\" sizes=\"(max-width: 300px) 100vw, 300px\" \/><\/figure><div class=\"wp-block-media-text__content\">\n<p class=\"has-larger-font-size\"><strong><strong><strong>Reducci\u00f3n de medidas<\/strong>&nbsp;<\/strong><\/strong><\/p>\n\n\n\n<p class=\"has-large-font-size\"><strong>Lipolaser<\/strong><\/p>\n\n\n\n<ol class=\"wp-block-list\">\n<li>Lipolaser + sesi\u00f3n de madero-terapia<strong> $56.000&nbsp;<\/strong>&nbsp;<\/li>\n<\/ol>\n\n\n\n<ol class=\"wp-block-list\" start=\"2\">\n<li>Lipolaser x 6 sesiones + sesi\u00f3n de madero-terapia <strong>$251.580&nbsp;<\/strong>&nbsp;<\/li>\n<\/ol>\n\n\n\n<ol class=\"wp-block-list\" start=\"3\">\n<li>Lipolaser x8 sesiones + sesi\u00f3n de madero-terapia <strong>$335.440<\/strong>&nbsp;<\/li>\n<\/ol>\n\n\n\n<p><strong>Crio lip\u00f3lisis<\/strong><\/p>\n\n\n\n<ol class=\"wp-block-list\">\n<li>Crio lip\u00f3lisis tratamiento por 1 sesi\u00f3n <strong>$315.000<\/strong>&nbsp;&nbsp;<\/li>\n<\/ol>\n\n\n\n<ol class=\"wp-block-list\" start=\"2\">\n<li>Crio lip\u00f3lisis tratamiento por 2 sesiones (intervalo de 20 d\u00edas) <strong>$560.000&nbsp;&nbsp;<\/strong><\/li>\n<\/ol>\n\n\n\n<ol class=\"wp-block-list\" start=\"3\">\n<li>Crio lip\u00f3lisis tratamiento por 3 sesiones (intervalo de 20 d\u00edas) <strong>$840.000&nbsp;<\/strong><\/li>\n<\/ol>\n\n\n\n<p><strong>Radiofrecuencia<\/strong><\/p>\n\n\n\n<ol class=\"wp-block-list\">\n<li>Ovic estr\u00edas 12 sesiones <strong>$294.000&nbsp;&nbsp;<\/strong><\/li>\n<\/ol>\n\n\n\n<ol class=\"wp-block-list\" start=\"2\">\n<li>Ovic estr\u00edas 6 sesiones <strong>$154.000&nbsp;&nbsp;<\/strong><\/li>\n<\/ol>\n\n\n\n<ol class=\"wp-block-list\" start=\"3\">\n<li>Ovic estr\u00edas 3 sesiones <strong>$77.000&nbsp;<\/strong>&nbsp;<\/li>\n<\/ol>\n\n\n\n<ol class=\"wp-block-list\" start=\"4\">\n<li>Ovic estr\u00edas 1 sesiones <strong>$25.200&nbsp;<\/strong><\/li>\n<\/ol>\n\n\n\n<p><strong>Hidrolipoclasia&nbsp;<\/strong><\/p>\n\n\n\n<ol class=\"wp-block-list\">\n<li><strong>5<\/strong> sesi\u00f3n de aplicaci\u00f3n de compuesto lipol\u00edtico fisiol\u00f3gico + 10 sesiones de cavitaci\u00f3n y masaje reductor <strong>$455.990&nbsp;<\/strong><\/li>\n<\/ol>\n\n\n\n<p><strong>Masajes reductores y moldeadores&nbsp;<\/strong><\/p>\n\n\n\n<ol class=\"wp-block-list\">\n<li>Masaje manual 12 sesiones + Madero terapia <strong>$329.000&nbsp;&nbsp;<\/strong><\/li>\n<\/ol>\n\n\n\n<ol class=\"wp-block-list\" start=\"2\">\n<li>Masaje manual 8 sesiones + Madero terapia <strong>$224.000&nbsp;&nbsp;<\/strong><\/li>\n<\/ol>\n\n\n\n<ol class=\"wp-block-list\" start=\"3\">\n<li>Masaje manual 6 sesiones + Madero terapia <strong>$175.000&nbsp;&nbsp;<\/strong><\/li>\n<\/ol>\n\n\n\n<ol class=\"wp-block-list\" start=\"4\">\n<li>Masaje manual 3 sesiones + Madero terapia <strong>$95.900&nbsp;<\/strong><\/li>\n<\/ol>\n\n\n\n<p><strong>Mesoterapia<\/strong><\/p>\n\n\n\n<ol class=\"wp-block-list\">\n<li>Pack de 5 sesiones de mesoterapia facial (vitaminas + amino\u00e1cidos + ac hialur\u00f3nico + ANTI AGING) 2 sesiones de peeling superficial y profundo, incluye peeling peri orbicular &#8211; de regalo mascarilla hidratante posterior a cada sesi\u00f3n. (procedimiento realizado cada 15 d\u00edas) $<strong>454.993 &nbsp;<\/strong><\/li>\n<\/ol>\n<\/div><\/div>\n\n\n\n<div class=\"wp-block-media-text alignwide has-media-on-the-right is-stacked-on-mobile has-palette-1-color-6-background-color has-background\"><div class=\"wp-block-media-text__content\">\n<p class=\"has-larger-font-size\"><strong><strong><strong><strong>Cicatrices y estr\u00edas<\/strong>&nbsp;<\/strong><\/strong><\/strong><\/p>\n\n\n\n<p><strong>DermaPen&nbsp;<\/strong><\/p>\n\n\n\n<ol class=\"wp-block-list\">\n<li>DermaPen\/micro needle (borramiento de estr\u00edas) <strong>$63.000&nbsp;<\/strong><\/li>\n<\/ol>\n\n\n\n<p><strong>Ovic<\/strong><\/p>\n\n\n\n<ol class=\"wp-block-list\">\n<li>Lifting facial (laser diodo frio) pack x 1 <strong>$31.493&nbsp;<\/strong>&nbsp;<\/li>\n<\/ol>\n\n\n\n<ol class=\"wp-block-list\" start=\"2\">\n<li>Lifting facial (laser diodo frio) pack x 3 <strong>$83.993&nbsp;<\/strong>&nbsp;<\/li>\n<\/ol>\n\n\n\n<ol class=\"wp-block-list\" start=\"3\">\n<li>Lifting facial (laser diodo frio) pack x 6 <strong>$174.993&nbsp;&nbsp;<\/strong><\/li>\n<\/ol>\n\n\n\n<ol class=\"wp-block-list\" start=\"4\">\n<li>Lifting facial (laser diodo frio) pack x 12 <strong>$358.393&nbsp;<\/strong><\/li>\n<\/ol>\n\n\n\n<p><strong>Microdermoabrasi\u00f3n&nbsp;<\/strong><\/p>\n\n\n\n<ol class=\"wp-block-list\">\n<li>Microdermoabrasi\u00f3n abdominal <strong>$433.993&nbsp;<\/strong><\/li>\n<\/ol>\n\n\n\n<p><strong>Peeling<\/strong><\/p>\n\n\n\n<ol class=\"wp-block-list\">\n<li>Peeling abdominal <strong>$336.000&nbsp;<\/strong><\/li>\n<\/ol>\n<\/div><figure class=\"wp-block-media-text__media\"><img decoding=\"async\" width=\"300\" height=\"77\" src=\"https:\/\/www.bodyclinic.cl\/wp-content\/uploads\/2022\/05\/BODY-CLINIC-18-300x77.png\" alt=\"\" class=\"wp-image-727 size-medium\" srcset=\"https:\/\/www.bodyclinic.cl\/wp-content\/uploads\/2022\/05\/BODY-CLINIC-18-300x77.png 300w, https:\/\/www.bodyclinic.cl\/wp-content\/uploads\/2022\/05\/BODY-CLINIC-18-1024x261.png 1024w, https:\/\/www.bodyclinic.cl\/wp-content\/uploads\/2022\/05\/BODY-CLINIC-18-768x196.png 768w, https:\/\/www.bodyclinic.cl\/wp-content\/uploads\/2022\/05\/BODY-CLINIC-18-1536x392.png 1536w, https:\/\/www.bodyclinic.cl\/wp-content\/uploads\/2022\/05\/BODY-CLINIC-18-2048x523.png 2048w, https:\/\/www.bodyclinic.cl\/wp-content\/uploads\/2022\/05\/BODY-CLINIC-18-1140x291.png 1140w, https:\/\/www.bodyclinic.cl\/wp-content\/uploads\/2022\/05\/BODY-CLINIC-18-920x235.png 920w, https:\/\/www.bodyclinic.cl\/wp-content\/uploads\/2022\/05\/BODY-CLINIC-18-575x147.png 575w, https:\/\/www.bodyclinic.cl\/wp-content\/uploads\/2022\/05\/BODY-CLINIC-18-380x97.png 380w, https:\/\/www.bodyclinic.cl\/wp-content\/uploads\/2022\/05\/BODY-CLINIC-18-420x107.png 420w, https:\/\/www.bodyclinic.cl\/wp-content\/uploads\/2022\/05\/BODY-CLINIC-18-800x204.png 800w\" sizes=\"(max-width: 300px) 100vw, 300px\" \/><\/figure><\/div>\n\n\n\n<div class=\"wp-block-media-text alignwide is-stacked-on-mobile has-palette-1-color-5-background-color has-background\"><figure class=\"wp-block-media-text__media\"><img decoding=\"async\" width=\"300\" height=\"77\" src=\"https:\/\/www.bodyclinic.cl\/wp-content\/uploads\/2022\/05\/BODY-CLINIC-18-300x77.png\" alt=\"\" class=\"wp-image-727 size-medium\" srcset=\"https:\/\/www.bodyclinic.cl\/wp-content\/uploads\/2022\/05\/BODY-CLINIC-18-300x77.png 300w, https:\/\/www.bodyclinic.cl\/wp-content\/uploads\/2022\/05\/BODY-CLINIC-18-1024x261.png 1024w, https:\/\/www.bodyclinic.cl\/wp-content\/uploads\/2022\/05\/BODY-CLINIC-18-768x196.png 768w, https:\/\/www.bodyclinic.cl\/wp-content\/uploads\/2022\/05\/BODY-CLINIC-18-1536x392.png 1536w, https:\/\/www.bodyclinic.cl\/wp-content\/uploads\/2022\/05\/BODY-CLINIC-18-2048x523.png 2048w, https:\/\/www.bodyclinic.cl\/wp-content\/uploads\/2022\/05\/BODY-CLINIC-18-1140x291.png 1140w, https:\/\/www.bodyclinic.cl\/wp-content\/uploads\/2022\/05\/BODY-CLINIC-18-920x235.png 920w, https:\/\/www.bodyclinic.cl\/wp-content\/uploads\/2022\/05\/BODY-CLINIC-18-575x147.png 575w, https:\/\/www.bodyclinic.cl\/wp-content\/uploads\/2022\/05\/BODY-CLINIC-18-380x97.png 380w, https:\/\/www.bodyclinic.cl\/wp-content\/uploads\/2022\/05\/BODY-CLINIC-18-420x107.png 420w, https:\/\/www.bodyclinic.cl\/wp-content\/uploads\/2022\/05\/BODY-CLINIC-18-800x204.png 800w\" sizes=\"(max-width: 300px) 100vw, 300px\" \/><\/figure><div class=\"wp-block-media-text__content\">\n<p class=\"has-larger-font-size\"><strong><strong><strong>Limpieza corporal<\/strong>&nbsp;<\/strong><\/strong><\/p>\n\n\n\n<ol class=\"wp-block-list\">\n<li>Masaje exfoliante de limpieza <strong>$39.990 &nbsp;<\/strong><\/li>\n<\/ol>\n\n\n\n<p><strong>Limpieza corporal profunda de espalda.&nbsp;<\/strong><\/p>\n\n\n\n<ol class=\"wp-block-list\">\n<li>Limpieza facial profunda de espalda <strong>$63.000&nbsp;<\/strong><\/li>\n<\/ol>\n<\/div><\/div>\n\n\n\n<div class=\"wp-block-media-text alignwide has-media-on-the-right is-stacked-on-mobile has-palette-1-color-6-background-color has-background\"><div class=\"wp-block-media-text__content\">\n<p class=\"has-larger-font-size\"><strong><strong><strong><strong><strong>Masajes<\/strong>&nbsp;<\/strong>&nbsp;<\/strong><\/strong><\/strong><\/p>\n\n\n\n<p><strong>Drenaje linf\u00e1tico+ moldeador&nbsp;<\/strong><\/p>\n\n\n\n<ol class=\"wp-block-list\">\n<li>Masaje drenaje linf\u00e1tico 12 sesiones (x1 horas) $329.000&nbsp;&nbsp;<\/li>\n<\/ol>\n\n\n\n<ol class=\"wp-block-list\" start=\"2\">\n<li>Masaje manual 8 sesiones +Madero terapia $224.000&nbsp;&nbsp;<\/li>\n<\/ol>\n\n\n\n<ol class=\"wp-block-list\" start=\"3\">\n<li>Masaje drenaje linf\u00e1tico 6 sesiones (x1 horas) $175.000&nbsp;&nbsp;<\/li>\n<\/ol>\n\n\n\n<ol class=\"wp-block-list\" start=\"4\">\n<li>Masaje drenaje linf\u00e1tico 3 sesiones (x1 horas) $98.000&nbsp;<\/li>\n<\/ol>\n\n\n\n<p><strong>Descontracturante&nbsp;<\/strong><\/p>\n\n\n\n<ol class=\"wp-block-list\">\n<li>Masaje relajaci\u00f3n 1\/2 hora <strong>$12.593&nbsp;&nbsp;<\/strong><\/li>\n<\/ol>\n\n\n\n<ol class=\"wp-block-list\" start=\"2\">\n<li>Masaje relajaci\u00f3n 1 hora <strong>$25.193&nbsp;&nbsp;<\/strong><\/li>\n<\/ol>\n\n\n\n<ol class=\"wp-block-list\" start=\"3\">\n<li>Masaje descontracturante + masaje relajaci\u00f3n (1\/2 hora) <strong>$14.693&nbsp;&nbsp;<\/strong><\/li>\n<\/ol>\n\n\n\n<ol class=\"wp-block-list\" start=\"4\">\n<li>Masaje descontracturante + masaje relajaci\u00f3n (1 hora) <strong>$27.993&nbsp;<\/strong><\/li>\n<\/ol>\n<\/div><figure class=\"wp-block-media-text__media\"><img decoding=\"async\" width=\"300\" height=\"77\" src=\"https:\/\/www.bodyclinic.cl\/wp-content\/uploads\/2022\/05\/BODY-CLINIC-18-300x77.png\" alt=\"\" class=\"wp-image-727 size-medium\" srcset=\"https:\/\/www.bodyclinic.cl\/wp-content\/uploads\/2022\/05\/BODY-CLINIC-18-300x77.png 300w, https:\/\/www.bodyclinic.cl\/wp-content\/uploads\/2022\/05\/BODY-CLINIC-18-1024x261.png 1024w, https:\/\/www.bodyclinic.cl\/wp-content\/uploads\/2022\/05\/BODY-CLINIC-18-768x196.png 768w, https:\/\/www.bodyclinic.cl\/wp-content\/uploads\/2022\/05\/BODY-CLINIC-18-1536x392.png 1536w, https:\/\/www.bodyclinic.cl\/wp-content\/uploads\/2022\/05\/BODY-CLINIC-18-2048x523.png 2048w, https:\/\/www.bodyclinic.cl\/wp-content\/uploads\/2022\/05\/BODY-CLINIC-18-1140x291.png 1140w, https:\/\/www.bodyclinic.cl\/wp-content\/uploads\/2022\/05\/BODY-CLINIC-18-920x235.png 920w, https:\/\/www.bodyclinic.cl\/wp-content\/uploads\/2022\/05\/BODY-CLINIC-18-575x147.png 575w, https:\/\/www.bodyclinic.cl\/wp-content\/uploads\/2022\/05\/BODY-CLINIC-18-380x97.png 380w, https:\/\/www.bodyclinic.cl\/wp-content\/uploads\/2022\/05\/BODY-CLINIC-18-420x107.png 420w, https:\/\/www.bodyclinic.cl\/wp-content\/uploads\/2022\/05\/BODY-CLINIC-18-800x204.png 800w\" sizes=\"(max-width: 300px) 100vw, 300px\" \/><\/figure><\/div>\n\n\n\n<p><\/p>\n","protected":false},"excerpt":{"rendered":"<p>Los tratamientos corporales son una manera de cuidar tu cuerpo sin cirug\u00eda. Generalmente se opta por esta opci\u00f3n para mejorar la silueta o tratar los problemas de sudoraci\u00f3n, celulitis, adiposidad [&hellip;]<\/p>\n","protected":false},"author":1,"featured_media":0,"parent":0,"menu_order":0,"comment_status":"closed","ping_status":"closed","template":"elementor_theme","meta":{"footnotes":""},"class_list":["post-574","page","type-page","status-publish","hentry"],"_links":{"self":[{"href":"https:\/\/www.bodyclinic.cl\/index.php?rest_route=\/wp\/v2\/pages\/574","targetHints":{"allow":["GET"]}}],"collection":[{"href":"https:\/\/www.bodyclinic.cl\/index.php?rest_route=\/wp\/v2\/pages"}],"about":[{"href":"https:\/\/www.bodyclinic.cl\/index.php?rest_route=\/wp\/v2\/types\/page"}],"author":[{"embeddable":true,"href":"https:\/\/www.bodyclinic.cl\/index.php?rest_route=\/wp\/v2\/users\/1"}],"replies":[{"embeddable":true,"href":"https:\/\/www.bodyclinic.cl\/index.php?rest_route=%2Fwp%2Fv2%2Fcomments&post=574"}],"version-history":[{"count":40,"href":"https:\/\/www.bodyclinic.cl\/index.php?rest_route=\/wp\/v2\/pages\/574\/revisions"}],"predecessor-version":[{"id":1068,"href":"https:\/\/www.bodyclinic.cl\/index.php?rest_route=\/wp\/v2\/pages\/574\/revisions\/1068"}],"wp:attachment":[{"href":"https:\/\/www.bodyclinic.cl\/index.php?rest_route=%2Fwp%2Fv2%2Fmedia&parent=574"}],"curies":[{"name":"wp","href":"https:\/\/api.w.org\/{rel}","templated":true}]}}